{"id":145,"date":"2021-03-27T19:27:49","date_gmt":"2021-03-27T19:27:49","guid":{"rendered":"https:\/\/odontologia.uaz.edu.mx\/?page_id=145"},"modified":"2026-02-11T09:30:08","modified_gmt":"2026-02-11T15:30:08","slug":"coordinacion-de-extension-vinculacion","status":"publish","type":"page","link":"https:\/\/odontologia.uaz.edu.mx\/?page_id=145","title":{"rendered":"Extensi\u00f3n, Vinculaci\u00f3n"},"content":{"rendered":"\t\t<div data-elementor-type=\"wp-page\" data-elementor-id=\"145\" class=\"elementor elementor-145\">\n\t\t\t\t\t\t<section class=\"elementor-section elementor-top-section elementor-element elementor-element-5f2c554 elementor-section-boxed elementor-section-height-default elementor-section-height-default\" data-id=\"5f2c554\" data-element_type=\"section\" data-e-type=\"section\">\n\t\t\t\t\t\t<div class=\"elementor-container elementor-column-gap-default\">\n\t\t\t\t\t<div class=\"elementor-column elementor-col-100 elementor-top-column elementor-element elementor-element-e5abbb8\" data-id=\"e5abbb8\" data-element_type=\"column\" data-e-type=\"column\">\n\t\t\t<div class=\"elementor-widget-wrap elementor-element-populated\">\n\t\t\t\t\t\t<div class=\"elementor-element elementor-element-aef5f8c elementor-widget elementor-widget-image\" data-id=\"aef5f8c\" data-element_type=\"widget\" data-e-type=\"widget\" data-widget_type=\"image.default\">\n\t\t\t\t<div class=\"elementor-widget-container\">\n\t\t\t\t\t\t\t\t\t\t\t\t\t\t\t<img decoding=\"async\" width=\"150\" height=\"150\" src=\"https:\/\/odontologia.uaz.edu.mx\/wp-content\/uploads\/2025\/12\/LOGO-VINCULACION-150x150.jpg\" class=\"attachment-thumbnail size-thumbnail wp-image-2544\" alt=\"\" srcset=\"https:\/\/odontologia.uaz.edu.mx\/wp-content\/uploads\/2025\/12\/LOGO-VINCULACION-150x150.jpg 150w, https:\/\/odontologia.uaz.edu.mx\/wp-content\/uploads\/2025\/12\/LOGO-VINCULACION-300x300.jpg 300w, https:\/\/odontologia.uaz.edu.mx\/wp-content\/uploads\/2025\/12\/LOGO-VINCULACION-768x768.jpg 768w, https:\/\/odontologia.uaz.edu.mx\/wp-content\/uploads\/2025\/12\/LOGO-VINCULACION.jpg 1020w\" sizes=\"(max-width: 150px) 100vw, 150px\" \/>\t\t\t\t\t\t\t\t\t\t\t\t\t\t\t<\/div>\n\t\t\t\t<\/div>\n\t\t\t\t\t<\/div>\n\t\t<\/div>\n\t\t\t\t\t<\/div>\n\t\t<\/section>\n\t\t\t\t<section class=\"elementor-section elementor-top-section elementor-element elementor-element-0fb25ca elementor-section-boxed elementor-section-height-default elementor-section-height-default\" data-id=\"0fb25ca\" data-element_type=\"section\" data-e-type=\"section\">\n\t\t\t\t\t\t<div class=\"elementor-container elementor-column-gap-default\">\n\t\t\t\t\t<div class=\"elementor-column elementor-col-100 elementor-top-column elementor-element elementor-element-b57d96a\" data-id=\"b57d96a\" data-element_type=\"column\" data-e-type=\"column\">\n\t\t\t<div class=\"elementor-widget-wrap elementor-element-populated\">\n\t\t\t\t\t\t<div class=\"elementor-element elementor-element-c204d3f elementor-widget elementor-widget-text-editor\" data-id=\"c204d3f\" data-element_type=\"widget\" data-e-type=\"widget\" data-widget_type=\"text-editor.default\">\n\t\t\t\t<div class=\"elementor-widget-container\">\n\t\t\t\t\t\t\t\t\t<p><strong><span class=\"a_GcMg font-feature-liga-off font-feature-clig-off font-feature-calt-off text-decoration-none text-strikethrough-none\">La UAO cuenta con 23 convenios y acuerdos vigentes para realizaci\u00f3n de servicio social y actividades de educaci\u00f3n para la salud y promoci\u00f3n de la Lic. de M\u00e9dico Cirujano Dentista<\/span><\/strong><\/p>\t\t\t\t\t\t\t\t<\/div>\n\t\t\t\t<\/div>\n\t\t\t\t\t<\/div>\n\t\t<\/div>\n\t\t\t\t\t<\/div>\n\t\t<\/section>\n\t\t\t\t<section class=\"elementor-section elementor-top-section elementor-element elementor-element-75b979a elementor-section-boxed elementor-section-height-default elementor-section-height-default\" data-id=\"75b979a\" data-element_type=\"section\" data-e-type=\"section\">\n\t\t\t\t\t\t<div class=\"elementor-container elementor-column-gap-default\">\n\t\t\t\t\t<div class=\"elementor-column elementor-col-50 elementor-top-column elementor-element elementor-element-74fe6b0\" data-id=\"74fe6b0\" data-element_type=\"column\" data-e-type=\"column\">\n\t\t\t<div class=\"elementor-widget-wrap elementor-element-populated\">\n\t\t\t\t\t\t<div class=\"elementor-element elementor-element-14bf994 elementor-widget elementor-widget-text-editor\" data-id=\"14bf994\" data-element_type=\"widget\" data-e-type=\"widget\" data-widget_type=\"text-editor.default\">\n\t\t\t\t<div class=\"elementor-widget-container\">\n\t\t\t\t\t\t\t\t\t<p><strong><span class=\"a_GcMg font-feature-liga-off font-feature-clig-off font-feature-calt-off text-decoration-none text-strikethrough-none\">Participaci\u00f3n en campa\u00f1as de fomento a la salud<\/span><\/strong><\/p><p><strong><span class=\"a_GcMg font-feature-liga-off font-feature-clig-off font-feature-calt-off text-decoration-none text-strikethrough-none\">\u00a0Implementaci\u00f3n de atenci\u00f3n odontol\u00f3gica\u00a0<\/span><\/strong><\/p><p><span class=\"a_GcMg font-feature-liga-off font-feature-clig-off font-feature-calt-off text-decoration-none text-strikethrough-none\">\u00a0<\/span><\/p>\t\t\t\t\t\t\t\t<\/div>\n\t\t\t\t<\/div>\n\t\t\t\t\t<\/div>\n\t\t<\/div>\n\t\t\t\t<div class=\"elementor-column elementor-col-50 elementor-top-column elementor-element elementor-element-df234dd\" data-id=\"df234dd\" data-element_type=\"column\" data-e-type=\"column\">\n\t\t\t<div class=\"elementor-widget-wrap\">\n\t\t\t\t\t\t\t<\/div>\n\t\t<\/div>\n\t\t\t\t\t<\/div>\n\t\t<\/section>\n\t\t\t\t<section class=\"elementor-section elementor-top-section elementor-element elementor-element-26a7f1a elementor-section-boxed elementor-section-height-default elementor-section-height-default\" data-id=\"26a7f1a\" data-element_type=\"section\" data-e-type=\"section\">\n\t\t\t\t\t\t<div class=\"elementor-container elementor-column-gap-default\">\n\t\t\t\t\t<div class=\"elementor-column elementor-col-100 elementor-top-column elementor-element elementor-element-2d1fcdd\" data-id=\"2d1fcdd\" data-element_type=\"column\" data-e-type=\"column\">\n\t\t\t<div class=\"elementor-widget-wrap elementor-element-populated\">\n\t\t\t\t\t\t<div class=\"elementor-element elementor-element-b52642a elementor-arrows-position-inside elementor-pagination-position-outside elementor-widget elementor-widget-image-carousel\" data-id=\"b52642a\" data-element_type=\"widget\" data-e-type=\"widget\" data-settings=\"{&quot;navigation&quot;:&quot;both&quot;,&quot;autoplay&quot;:&quot;yes&quot;,&quot;pause_on_hover&quot;:&quot;yes&quot;,&quot;pause_on_interaction&quot;:&quot;yes&quot;,&quot;autoplay_speed&quot;:5000,&quot;infinite&quot;:&quot;yes&quot;,&quot;speed&quot;:500}\" data-widget_type=\"image-carousel.default\">\n\t\t\t\t<div class=\"elementor-widget-container\">\n\t\t\t\t\t\t\t<div class=\"elementor-image-carousel-wrapper swiper\" role=\"region\" aria-roledescription=\"carousel\" aria-label=\"Carrusel de Im\u00e1genes\" dir=\"ltr\">\n\t\t\t<div class=\"elementor-image-carousel swiper-wrapper swiper-image-stretch\" aria-live=\"off\">\n\t\t\t\t\t\t\t\t<div class=\"swiper-slide\" role=\"group\" aria-roledescription=\"slide\" aria-label=\"1 de 7\"><figure class=\"swiper-slide-inner\"><img decoding=\"async\" class=\"swiper-slide-image\" src=\"https:\/\/odontologia.uaz.edu.mx\/wp-content\/uploads\/2025\/12\/VINCULACION7.jpg\" alt=\"VINCULACION7\" \/><\/figure><\/div><div class=\"swiper-slide\" role=\"group\" aria-roledescription=\"slide\" aria-label=\"2 de 7\"><figure class=\"swiper-slide-inner\"><img decoding=\"async\" class=\"swiper-slide-image\" src=\"https:\/\/odontologia.uaz.edu.mx\/wp-content\/uploads\/2025\/12\/VINCULACION6.jpg\" alt=\"VINCULACION6\" \/><\/figure><\/div><div class=\"swiper-slide\" role=\"group\" aria-roledescription=\"slide\" aria-label=\"3 de 7\"><figure class=\"swiper-slide-inner\"><img decoding=\"async\" class=\"swiper-slide-image\" src=\"https:\/\/odontologia.uaz.edu.mx\/wp-content\/uploads\/2025\/12\/VINCULACION5.jpg\" alt=\"VINCULACION5\" \/><\/figure><\/div><div class=\"swiper-slide\" role=\"group\" aria-roledescription=\"slide\" aria-label=\"4 de 7\"><figure class=\"swiper-slide-inner\"><img decoding=\"async\" class=\"swiper-slide-image\" src=\"https:\/\/odontologia.uaz.edu.mx\/wp-content\/uploads\/2025\/12\/VINCULACION4.jpg\" alt=\"VINCULACION4\" \/><\/figure><\/div><div class=\"swiper-slide\" role=\"group\" aria-roledescription=\"slide\" aria-label=\"5 de 7\"><figure class=\"swiper-slide-inner\"><img decoding=\"async\" class=\"swiper-slide-image\" src=\"https:\/\/odontologia.uaz.edu.mx\/wp-content\/uploads\/2025\/12\/VINCULACION3.jpg\" alt=\"VINCULACION3\" \/><\/figure><\/div><div class=\"swiper-slide\" role=\"group\" aria-roledescription=\"slide\" aria-label=\"6 de 7\"><figure class=\"swiper-slide-inner\"><img decoding=\"async\" class=\"swiper-slide-image\" src=\"https:\/\/odontologia.uaz.edu.mx\/wp-content\/uploads\/2025\/12\/VINCULACION2-300x225.jpg\" alt=\"VINCULACION2\" \/><\/figure><\/div><div class=\"swiper-slide\" role=\"group\" aria-roledescription=\"slide\" aria-label=\"7 de 7\"><figure class=\"swiper-slide-inner\"><img decoding=\"async\" class=\"swiper-slide-image\" src=\"https:\/\/odontologia.uaz.edu.mx\/wp-content\/uploads\/2025\/12\/VINCULACION1-300x300.jpg\" alt=\"VINCULACION1\" \/><\/figure><\/div>\t\t\t<\/div>\n\t\t\t\t\t\t\t\t\t\t\t\t<div class=\"elementor-swiper-button elementor-swiper-button-prev\" role=\"button\" tabindex=\"0\">\n\t\t\t\t\t\t<i aria-hidden=\"true\" class=\"eicon-chevron-left\"><\/i>\t\t\t\t\t<\/div>\n\t\t\t\t\t<div class=\"elementor-swiper-button elementor-swiper-button-next\" role=\"button\" tabindex=\"0\">\n\t\t\t\t\t\t<i aria-hidden=\"true\" class=\"eicon-chevron-right\"><\/i>\t\t\t\t\t<\/div>\n\t\t\t\t\n\t\t\t\t\t\t\t\t\t<div class=\"swiper-pagination\"><\/div>\n\t\t\t\t\t\t\t\t\t<\/div>\n\t\t\t\t\t\t<\/div>\n\t\t\t\t<\/div>\n\t\t\t\t\t<\/div>\n\t\t<\/div>\n\t\t\t\t\t<\/div>\n\t\t<\/section>\n\t\t\t\t<section class=\"elementor-section elementor-top-section elementor-element elementor-element-d330d67 elementor-section-boxed elementor-section-height-default elementor-section-height-default\" data-id=\"d330d67\" data-element_type=\"section\" data-e-type=\"section\">\n\t\t\t\t\t\t<div class=\"elementor-container elementor-column-gap-default\">\n\t\t\t\t\t<div class=\"elementor-column elementor-col-100 elementor-top-column elementor-element elementor-element-875fb09\" data-id=\"875fb09\" data-element_type=\"column\" data-e-type=\"column\">\n\t\t\t<div class=\"elementor-widget-wrap elementor-element-populated\">\n\t\t\t\t\t\t<div class=\"elementor-element elementor-element-2f1684c elementor-widget elementor-widget-image\" data-id=\"2f1684c\" data-element_type=\"widget\" data-e-type=\"widget\" data-widget_type=\"image.default\">\n\t\t\t\t<div class=\"elementor-widget-container\">\n\t\t\t\t\t\t\t\t\t\t\t\t\t\t\t\t<a href=\"http:\/\/odontologia.uaz.edu.mx\/wp-content\/uploads\/2026\/02\/REQUISITOS-PARA-EXAMEN-PROFESIONAL-1.jpg\" target=\"_blank\">\n\t\t\t\t\t\t\t<img fetchpriority=\"high\" decoding=\"async\" width=\"940\" height=\"788\" src=\"https:\/\/odontologia.uaz.edu.mx\/wp-content\/uploads\/2026\/02\/REQUISITOS-PARA-EXAMEN-PROFESIONAL-1.jpg\" class=\"attachment-large size-large wp-image-2895\" alt=\"\" srcset=\"https:\/\/odontologia.uaz.edu.mx\/wp-content\/uploads\/2026\/02\/REQUISITOS-PARA-EXAMEN-PROFESIONAL-1.jpg 940w, https:\/\/odontologia.uaz.edu.mx\/wp-content\/uploads\/2026\/02\/REQUISITOS-PARA-EXAMEN-PROFESIONAL-1-300x251.jpg 300w, https:\/\/odontologia.uaz.edu.mx\/wp-content\/uploads\/2026\/02\/REQUISITOS-PARA-EXAMEN-PROFESIONAL-1-768x644.jpg 768w\" sizes=\"(max-width: 940px) 100vw, 940px\" \/>\t\t\t\t\t\t\t\t<\/a>\n\t\t\t\t\t\t\t\t\t\t\t\t\t\t\t<\/div>\n\t\t\t\t<\/div>\n\t\t\t\t\t<\/div>\n\t\t<\/div>\n\t\t\t\t\t<\/div>\n\t\t<\/section>\n\t\t\t\t<section class=\"elementor-section elementor-top-section elementor-element elementor-element-a566c85 elementor-section-boxed elementor-section-height-default elementor-section-height-default\" data-id=\"a566c85\" data-element_type=\"section\" data-e-type=\"section\">\n\t\t\t\t\t\t<div class=\"elementor-container elementor-column-gap-default\">\n\t\t\t\t\t<div class=\"elementor-column elementor-col-50 elementor-top-column elementor-element elementor-element-3833053\" data-id=\"3833053\" data-element_type=\"column\" data-e-type=\"column\">\n\t\t\t<div class=\"elementor-widget-wrap elementor-element-populated\">\n\t\t\t\t\t\t<div class=\"elementor-element elementor-element-f545615 elementor-widget elementor-widget-image\" data-id=\"f545615\" data-element_type=\"widget\" data-e-type=\"widget\" data-widget_type=\"image.default\">\n\t\t\t\t<div class=\"elementor-widget-container\">\n\t\t\t\t\t\t\t\t\t\t\t\t\t\t\t\t<a href=\"http:\/\/odontologia.uaz.edu.mx\/wp-content\/uploads\/2021\/05\/Alternativas-de-titulacion-DIPTICO.pdf\" target=\"_blank\">\n\t\t\t\t\t\t\t<img decoding=\"async\" width=\"1024\" height=\"1024\" src=\"https:\/\/odontologia.uaz.edu.mx\/wp-content\/uploads\/2025\/12\/Graduacio1-1024x1024.jpg\" class=\"attachment-large size-large wp-image-2758\" alt=\"\" srcset=\"https:\/\/odontologia.uaz.edu.mx\/wp-content\/uploads\/2025\/12\/Graduacio1-1024x1024.jpg 1024w, https:\/\/odontologia.uaz.edu.mx\/wp-content\/uploads\/2025\/12\/Graduacio1-300x300.jpg 300w, https:\/\/odontologia.uaz.edu.mx\/wp-content\/uploads\/2025\/12\/Graduacio1-150x150.jpg 150w, https:\/\/odontologia.uaz.edu.mx\/wp-content\/uploads\/2025\/12\/Graduacio1-768x768.jpg 768w, https:\/\/odontologia.uaz.edu.mx\/wp-content\/uploads\/2025\/12\/Graduacio1.jpg 1080w\" sizes=\"(max-width: 1024px) 100vw, 1024px\" \/>\t\t\t\t\t\t\t\t<\/a>\n\t\t\t\t\t\t\t\t\t\t\t\t\t\t\t<\/div>\n\t\t\t\t<\/div>\n\t\t\t\t\t<\/div>\n\t\t<\/div>\n\t\t\t\t<div class=\"elementor-column elementor-col-50 elementor-top-column elementor-element elementor-element-d6b25dd\" data-id=\"d6b25dd\" data-element_type=\"column\" data-e-type=\"column\">\n\t\t\t<div class=\"elementor-widget-wrap elementor-element-populated\">\n\t\t\t\t\t\t<div class=\"elementor-element elementor-element-bed4693 elementor-widget elementor-widget-image\" data-id=\"bed4693\" data-element_type=\"widget\" data-e-type=\"widget\" data-widget_type=\"image.default\">\n\t\t\t\t<div class=\"elementor-widget-container\">\n\t\t\t\t\t\t\t\t\t\t\t\t\t\t\t\t<a href=\"http:\/\/odontologia.uaz.edu.mx\/wp-content\/uploads\/2021\/09\/MANUAL-DE-PROCEDIMIENTOS-PARA-LA-TITULACIO\u0301N.pdf\" target=\"_blank\">\n\t\t\t\t\t\t\t<img loading=\"lazy\" decoding=\"async\" width=\"1024\" height=\"1024\" src=\"https:\/\/odontologia.uaz.edu.mx\/wp-content\/uploads\/2025\/12\/Graduacion2-1024x1024.jpg\" class=\"attachment-large size-large wp-image-2759\" alt=\"\" srcset=\"https:\/\/odontologia.uaz.edu.mx\/wp-content\/uploads\/2025\/12\/Graduacion2-1024x1024.jpg 1024w, https:\/\/odontologia.uaz.edu.mx\/wp-content\/uploads\/2025\/12\/Graduacion2-300x300.jpg 300w, https:\/\/odontologia.uaz.edu.mx\/wp-content\/uploads\/2025\/12\/Graduacion2-150x150.jpg 150w, https:\/\/odontologia.uaz.edu.mx\/wp-content\/uploads\/2025\/12\/Graduacion2-768x768.jpg 768w, https:\/\/odontologia.uaz.edu.mx\/wp-content\/uploads\/2025\/12\/Graduacion2.jpg 1080w\" sizes=\"(max-width: 1024px) 100vw, 1024px\" \/>\t\t\t\t\t\t\t\t<\/a>\n\t\t\t\t\t\t\t\t\t\t\t\t\t\t\t<\/div>\n\t\t\t\t<\/div>\n\t\t\t\t\t<\/div>\n\t\t<\/div>\n\t\t\t\t\t<\/div>\n\t\t<\/section>\n\t\t\t\t<\/div>\n\t\t","protected":false},"excerpt":{"rendered":"<p>La UAO cuenta con 23 convenios y acuerdos vigentes para realizaci\u00f3n de servicio social y actividades de educaci\u00f3n para la salud y promoci\u00f3n de la Lic. de M\u00e9dico Cirujano Dentista Participaci\u00f3n en campa\u00f1as de fomento a la salud \u00a0Implementaci\u00f3n de atenci\u00f3n odontol\u00f3gica\u00a0 \u00a0<\/p>\n","protected":false},"author":3,"featured_media":0,"parent":0,"menu_order":0,"comment_status":"closed","ping_status":"closed","template":"","meta":{"footnotes":""},"folder":[],"class_list":["post-145","page","type-page","status-publish","hentry"],"_links":{"self":[{"href":"https:\/\/odontologia.uaz.edu.mx\/index.php?rest_route=\/wp\/v2\/pages\/145","targetHints":{"allow":["GET"]}}],"collection":[{"href":"https:\/\/odontologia.uaz.edu.mx\/index.php?rest_route=\/wp\/v2\/pages"}],"about":[{"href":"https:\/\/odontologia.uaz.edu.mx\/index.php?rest_route=\/wp\/v2\/types\/page"}],"author":[{"embeddable":true,"href":"https:\/\/odontologia.uaz.edu.mx\/index.php?rest_route=\/wp\/v2\/users\/3"}],"replies":[{"embeddable":true,"href":"https:\/\/odontologia.uaz.edu.mx\/index.php?rest_route=%2Fwp%2Fv2%2Fcomments&post=145"}],"version-history":[{"count":17,"href":"https:\/\/odontologia.uaz.edu.mx\/index.php?rest_route=\/wp\/v2\/pages\/145\/revisions"}],"predecessor-version":[{"id":2899,"href":"https:\/\/odontologia.uaz.edu.mx\/index.php?rest_route=\/wp\/v2\/pages\/145\/revisions\/2899"}],"wp:attachment":[{"href":"https:\/\/odontologia.uaz.edu.mx\/index.php?rest_route=%2Fwp%2Fv2%2Fmedia&parent=145"}],"wp:term":[{"taxonomy":"folder","embeddable":true,"href":"https:\/\/odontologia.uaz.edu.mx\/index.php?rest_route=%2Fwp%2Fv2%2Ffolder&post=145"}],"curies":[{"name":"wp","href":"https:\/\/api.w.org\/{rel}","templated":true}]}}