{"id":151,"date":"2021-03-27T19:29:40","date_gmt":"2021-03-27T19:29:40","guid":{"rendered":"https:\/\/odontologia.uaz.edu.mx\/?page_id=151"},"modified":"2024-02-14T19:26:32","modified_gmt":"2024-02-14T19:26:32","slug":"climuzac","status":"publish","type":"page","link":"https:\/\/odontologia.uaz.edu.mx\/?page_id=151","title":{"rendered":"C l \u00ed n i c a s"},"content":{"rendered":"\t\t<div data-elementor-type=\"wp-page\" data-elementor-id=\"151\" class=\"elementor elementor-151\">\n\t\t\t\t\t\t<section class=\"elementor-section elementor-top-section elementor-element elementor-element-44b05cb1 elementor-section-content-middle elementor-section-boxed elementor-section-height-default elementor-section-height-default\" data-id=\"44b05cb1\" data-element_type=\"section\" data-e-type=\"section\">\n\t\t\t\t\t\t<div class=\"elementor-container elementor-column-gap-no\">\n\t\t\t\t\t<div class=\"elementor-column elementor-col-100 elementor-top-column elementor-element elementor-element-2e98d514\" data-id=\"2e98d514\" data-element_type=\"column\" data-e-type=\"column\">\n\t\t\t<div class=\"elementor-widget-wrap elementor-element-populated\">\n\t\t\t\t\t\t<div class=\"elementor-element elementor-element-5a200a86 elementor-widget elementor-widget-heading\" data-id=\"5a200a86\" data-element_type=\"widget\" data-e-type=\"widget\" data-widget_type=\"heading.default\">\n\t\t\t\t<div class=\"elementor-widget-container\">\n\t\t\t\t\t<h4 class=\"elementor-heading-title elementor-size-default\">Horarios de atenci\u00f3n cl\u00ednica <\/h4>\t\t\t\t<\/div>\n\t\t\t\t<\/div>\n\t\t\t\t<section class=\"elementor-section elementor-inner-section elementor-element elementor-element-7667d05c elementor-section-boxed elementor-section-height-default elementor-section-height-default\" data-id=\"7667d05c\" data-element_type=\"section\" data-e-type=\"section\">\n\t\t\t\t\t\t<div class=\"elementor-container elementor-column-gap-default\">\n\t\t\t\t\t<div class=\"elementor-column elementor-col-50 elementor-inner-column elementor-element elementor-element-49815cd3\" data-id=\"49815cd3\" data-element_type=\"column\" data-e-type=\"column\">\n\t\t\t<div class=\"elementor-widget-wrap elementor-element-populated\">\n\t\t\t\t\t\t<div class=\"elementor-element elementor-element-15e4fcc3 elementor-widget elementor-widget-text-editor\" data-id=\"15e4fcc3\" data-element_type=\"widget\" data-e-type=\"widget\" data-widget_type=\"text-editor.default\">\n\t\t\t\t<div class=\"elementor-widget-container\">\n\t\t\t\t\t\t\t\t\t<p><span style=\"color: #000080;\">Atenci\u00f3n a la poblaci\u00f3n.<\/span><\/p>\t\t\t\t\t\t\t\t<\/div>\n\t\t\t\t<\/div>\n\t\t\t\t<div class=\"elementor-element elementor-element-6ba2ba3c elementor-position-left elementor-vertical-align-middle elementor-widget elementor-widget-image-box\" data-id=\"6ba2ba3c\" data-element_type=\"widget\" data-e-type=\"widget\" data-widget_type=\"image-box.default\">\n\t\t\t\t<div class=\"elementor-widget-container\">\n\t\t\t\t\t<div class=\"elementor-image-box-wrapper\"><figure class=\"elementor-image-box-img\"><img fetchpriority=\"high\" decoding=\"async\" width=\"673\" height=\"446\" src=\"https:\/\/odontologia.uaz.edu.mx\/wp-content\/uploads\/2022\/10\/climuzac1.png\" class=\"attachment-full size-full wp-image-1918\" alt=\"\" srcset=\"https:\/\/odontologia.uaz.edu.mx\/wp-content\/uploads\/2022\/10\/climuzac1.png 673w, https:\/\/odontologia.uaz.edu.mx\/wp-content\/uploads\/2022\/10\/climuzac1-300x199.png 300w\" sizes=\"(max-width: 673px) 100vw, 673px\" \/><\/figure><\/div>\t\t\t\t<\/div>\n\t\t\t\t<\/div>\n\t\t\t\t<div class=\"elementor-element elementor-element-39bd3d2b elementor-widget elementor-widget-text-editor\" data-id=\"39bd3d2b\" data-element_type=\"widget\" data-e-type=\"widget\" data-widget_type=\"text-editor.default\">\n\t\t\t\t<div class=\"elementor-widget-container\">\n\t\t\t\t\t\t\t\t\t<h1 style=\"text-align: center;\"><span style=\"color: #003366;\"><strong>CLIMUZAC\u00a0 \u00a0I<\/strong><\/span><\/h1><p style=\"text-align: center;\"><span style=\"color: #000080;\">Calle Begonias s\/n, Col. Centro Guadalupe<\/span><br \/><span style=\"color: #000080;\">Lunes a viernes,\u00a0 9:00 &#8211; 13:00 hrs. y 15:00 &#8211; 19:00 hrs. <\/span><br \/><span style=\"color: #000080;\">S\u00e1bados 9:00 \u2013 17:00 horas<\/span><\/p><h1 style=\"text-align: center;\"><img decoding=\"async\" class=\"alignnone size-medium wp-image-1974\" style=\"font-size: 16px; font-weight: inherit;\" src=\"http:\/\/odontologia.uaz.edu.mx\/wp-content\/uploads\/2022\/10\/Unicacion-UAO-22-300x164.png\" alt=\"\" width=\"300\" height=\"164\" srcset=\"https:\/\/odontologia.uaz.edu.mx\/wp-content\/uploads\/2022\/10\/Unicacion-UAO-22-300x164.png 300w, https:\/\/odontologia.uaz.edu.mx\/wp-content\/uploads\/2022\/10\/Unicacion-UAO-22-1024x561.png 1024w, https:\/\/odontologia.uaz.edu.mx\/wp-content\/uploads\/2022\/10\/Unicacion-UAO-22-768x421.png 768w, https:\/\/odontologia.uaz.edu.mx\/wp-content\/uploads\/2022\/10\/Unicacion-UAO-22.png 1406w\" sizes=\"(max-width: 300px) 100vw, 300px\" \/><\/h1><p style=\"text-align: center;\"><a href=\"https:\/\/goo.gl\/maps\/zxvHKyQyf8e3gCxb9\">https:\/\/goo.gl\/maps\/zxvHKyQyf8e3gCxb9<\/a><\/p>\t\t\t\t\t\t\t\t<\/div>\n\t\t\t\t<\/div>\n\t\t\t\t<div class=\"elementor-element elementor-element-54e0e74e e-grid-align-right e-grid-align-mobile-center elementor-shape-rounded elementor-grid-0 elementor-widget elementor-widget-social-icons\" data-id=\"54e0e74e\" data-element_type=\"widget\" data-e-type=\"widget\" data-widget_type=\"social-icons.default\">\n\t\t\t\t<div class=\"elementor-widget-container\">\n\t\t\t\t\t\t\t<div class=\"elementor-social-icons-wrapper elementor-grid\">\n\t\t\t\t\t\t\t<span class=\"elementor-grid-item\">\n\t\t\t\t\t<a class=\"elementor-icon elementor-social-icon elementor-social-icon-facebook-f elementor-animation-grow elementor-repeater-item-0ae8077\" href=\"https:\/\/www.facebook.com\/OdontologiaUAOUAZ\" target=\"_blank\">\n\t\t\t\t\t\t<span class=\"elementor-screen-only\">Facebook-f<\/span>\n\t\t\t\t\t\t<i aria-hidden=\"true\" class=\"fab fa-facebook-f\"><\/i>\t\t\t\t\t<\/a>\n\t\t\t\t<\/span>\n\t\t\t\t\t<\/div>\n\t\t\t\t\t\t<\/div>\n\t\t\t\t<\/div>\n\t\t\t\t\t<\/div>\n\t\t<\/div>\n\t\t\t\t<div class=\"elementor-column elementor-col-50 elementor-inner-column elementor-element elementor-element-2e0d12de\" data-id=\"2e0d12de\" data-element_type=\"column\" data-e-type=\"column\">\n\t\t\t<div class=\"elementor-widget-wrap elementor-element-populated\">\n\t\t\t\t\t\t<div class=\"elementor-element elementor-element-15bde6f6 elementor-position-left elementor-vertical-align-middle elementor-widget elementor-widget-image-box\" data-id=\"15bde6f6\" data-element_type=\"widget\" data-e-type=\"widget\" data-widget_type=\"image-box.default\">\n\t\t\t\t<div class=\"elementor-widget-container\">\n\t\t\t\t\t<div class=\"elementor-image-box-wrapper\"><figure class=\"elementor-image-box-img\"><img decoding=\"async\" width=\"543\" height=\"357\" src=\"https:\/\/odontologia.uaz.edu.mx\/wp-content\/uploads\/2022\/10\/Climuzac-II-pagina-Horario.png\" class=\"attachment-1536x1536 size-1536x1536 wp-image-1924\" alt=\"\" srcset=\"https:\/\/odontologia.uaz.edu.mx\/wp-content\/uploads\/2022\/10\/Climuzac-II-pagina-Horario.png 543w, https:\/\/odontologia.uaz.edu.mx\/wp-content\/uploads\/2022\/10\/Climuzac-II-pagina-Horario-300x197.png 300w\" sizes=\"(max-width: 543px) 100vw, 543px\" \/><\/figure><\/div>\t\t\t\t<\/div>\n\t\t\t\t<\/div>\n\t\t\t\t<div class=\"elementor-element elementor-element-4128981d elementor-widget elementor-widget-text-editor\" data-id=\"4128981d\" data-element_type=\"widget\" data-e-type=\"widget\" data-widget_type=\"text-editor.default\">\n\t\t\t\t<div class=\"elementor-widget-container\">\n\t\t\t\t\t\t\t\t\t<h1 style=\"text-align: center;\"><span style=\"color: #003366;\"><strong>CLIMUZAC\u00a0 \u00a0II\u00a0<\/strong><\/span><\/h1><p style=\"text-align: center;\"><span style=\"color: #000080;\">Calle Begonias s\/n, Col. Centro Guadalupe<\/span><br \/><span style=\"color: #000080;\">Lunes a viernes,\u00a0 9:00 &#8211; 13:00 hrs. y 15:00 &#8211; 19:00 hrs.<\/span><\/p><h1><img loading=\"lazy\" decoding=\"async\" class=\"alignnone size-medium wp-image-1974 aligncenter\" src=\"http:\/\/odontologia.uaz.edu.mx\/wp-content\/uploads\/2022\/10\/Unicacion-UAO-22-300x164.png\" alt=\"\" width=\"300\" height=\"164\" srcset=\"https:\/\/odontologia.uaz.edu.mx\/wp-content\/uploads\/2022\/10\/Unicacion-UAO-22-300x164.png 300w, https:\/\/odontologia.uaz.edu.mx\/wp-content\/uploads\/2022\/10\/Unicacion-UAO-22-1024x561.png 1024w, https:\/\/odontologia.uaz.edu.mx\/wp-content\/uploads\/2022\/10\/Unicacion-UAO-22-768x421.png 768w, https:\/\/odontologia.uaz.edu.mx\/wp-content\/uploads\/2022\/10\/Unicacion-UAO-22.png 1406w\" sizes=\"(max-width: 300px) 100vw, 300px\" \/><\/h1><p style=\"text-align: center;\"><a href=\"https:\/\/goo.gl\/maps\/zxvHKyQyf8e3gCxb9\">https:\/\/goo.gl\/maps\/zxvHKyQyf8e3gCxb9<\/a><\/p>\t\t\t\t\t\t\t\t<\/div>\n\t\t\t\t<\/div>\n\t\t\t\t<div class=\"elementor-element elementor-element-3f3cb22f e-grid-align-right e-grid-align-mobile-center elementor-shape-rounded elementor-grid-0 elementor-widget elementor-widget-social-icons\" data-id=\"3f3cb22f\" data-element_type=\"widget\" data-e-type=\"widget\" data-widget_type=\"social-icons.default\">\n\t\t\t\t<div class=\"elementor-widget-container\">\n\t\t\t\t\t\t\t<div class=\"elementor-social-icons-wrapper elementor-grid\">\n\t\t\t\t\t\t\t<span class=\"elementor-grid-item\">\n\t\t\t\t\t<a class=\"elementor-icon elementor-social-icon elementor-social-icon-facebook elementor-animation-grow elementor-repeater-item-a251011\" href=\"https:\/\/www.facebook.com\/OdontologiaUAOUAZ\" target=\"_blank\">\n\t\t\t\t\t\t<span class=\"elementor-screen-only\">Facebook<\/span>\n\t\t\t\t\t\t<i aria-hidden=\"true\" class=\"fab fa-facebook\"><\/i>\t\t\t\t\t<\/a>\n\t\t\t\t<\/span>\n\t\t\t\t\t<\/div>\n\t\t\t\t\t\t<\/div>\n\t\t\t\t<\/div>\n\t\t\t\t\t<\/div>\n\t\t<\/div>\n\t\t\t\t\t<\/div>\n\t\t<\/section>\n\t\t\t\t<section class=\"elementor-section elementor-inner-section elementor-element elementor-element-25e315e elementor-section-boxed elementor-section-height-default elementor-section-height-default\" data-id=\"25e315e\" data-element_type=\"section\" data-e-type=\"section\">\n\t\t\t\t\t\t<div class=\"elementor-container elementor-column-gap-default\">\n\t\t\t\t\t<div class=\"elementor-column elementor-col-50 elementor-inner-column elementor-element elementor-element-7356c906\" data-id=\"7356c906\" data-element_type=\"column\" data-e-type=\"column\">\n\t\t\t<div class=\"elementor-widget-wrap elementor-element-populated\">\n\t\t\t\t\t\t<div class=\"elementor-element elementor-element-78940237 elementor-position-left elementor-vertical-align-middle elementor-widget elementor-widget-image-box\" data-id=\"78940237\" data-element_type=\"widget\" data-e-type=\"widget\" data-widget_type=\"image-box.default\">\n\t\t\t\t<div class=\"elementor-widget-container\">\n\t\t\t\t\t<div class=\"elementor-image-box-wrapper\"><figure class=\"elementor-image-box-img\"><img loading=\"lazy\" decoding=\"async\" width=\"680\" height=\"510\" src=\"https:\/\/odontologia.uaz.edu.mx\/wp-content\/uploads\/2023\/08\/clizac.jpg\" class=\"attachment-full size-full wp-image-2181\" alt=\"\" srcset=\"https:\/\/odontologia.uaz.edu.mx\/wp-content\/uploads\/2023\/08\/clizac.jpg 680w, https:\/\/odontologia.uaz.edu.mx\/wp-content\/uploads\/2023\/08\/clizac-300x225.jpg 300w\" sizes=\"(max-width: 680px) 100vw, 680px\" \/><\/figure><\/div>\t\t\t\t<\/div>\n\t\t\t\t<\/div>\n\t\t\t\t<div class=\"elementor-element elementor-element-5cdc179c elementor-widget elementor-widget-text-editor\" data-id=\"5cdc179c\" data-element_type=\"widget\" data-e-type=\"widget\" data-widget_type=\"text-editor.default\">\n\t\t\t\t<div class=\"elementor-widget-container\">\n\t\t\t\t\t\t\t\t\t<h1 style=\"text-align: center;\"><span style=\"color: #003366;\"><strong>CLIZAC\u00a0 \u00a0<\/strong><\/span><\/h1><p style=\"text-align: center;\"><span style=\"color: #000080;\">Carretera a la Bufa S\/N, a lado de Ingenier\u00eda<\/span> <br \/><span style=\"color: #003366;\">Lunes a viernes,\u00a0 9:00 &#8211; 13:00 hrs. y 15:00 &#8211; 19:00 hrs.<\/span><br \/><span style=\"color: #003366;\">S\u00e1bados 9:00 \u2013 17:00 horas<\/span><\/p><p style=\"text-align: center;\"><img loading=\"lazy\" decoding=\"async\" class=\"size-medium wp-image-2014 aligncenter\" src=\"http:\/\/odontologia.uaz.edu.mx\/wp-content\/uploads\/2022\/10\/Unicacion-CLIZAC-22-300x163.png\" alt=\"\" width=\"300\" height=\"163\" srcset=\"https:\/\/odontologia.uaz.edu.mx\/wp-content\/uploads\/2022\/10\/Unicacion-CLIZAC-22-300x163.png 300w, https:\/\/odontologia.uaz.edu.mx\/wp-content\/uploads\/2022\/10\/Unicacion-CLIZAC-22-1024x557.png 1024w, https:\/\/odontologia.uaz.edu.mx\/wp-content\/uploads\/2022\/10\/Unicacion-CLIZAC-22-768x418.png 768w, https:\/\/odontologia.uaz.edu.mx\/wp-content\/uploads\/2022\/10\/Unicacion-CLIZAC-22.png 1413w\" sizes=\"(max-width: 300px) 100vw, 300px\" \/><\/p><h1 style=\"text-align: center;\">\u00a0<\/h1><p style=\"text-align: center;\"><a href=\"https:\/\/goo.gl\/maps\/Ah3Rex9cSRXLRzk29\">https:\/\/goo.gl\/maps\/Ah3Rex9cSRXLRzk29<\/a><\/p>\t\t\t\t\t\t\t\t<\/div>\n\t\t\t\t<\/div>\n\t\t\t\t<div class=\"elementor-element elementor-element-1c6cf493 e-grid-align-right e-grid-align-mobile-center elementor-shape-rounded elementor-grid-0 elementor-widget elementor-widget-social-icons\" data-id=\"1c6cf493\" data-element_type=\"widget\" data-e-type=\"widget\" data-widget_type=\"social-icons.default\">\n\t\t\t\t<div class=\"elementor-widget-container\">\n\t\t\t\t\t\t\t<div class=\"elementor-social-icons-wrapper elementor-grid\">\n\t\t\t\t\t\t\t<span class=\"elementor-grid-item\">\n\t\t\t\t\t<a class=\"elementor-icon elementor-social-icon elementor-social-icon-facebook-f elementor-animation-grow elementor-repeater-item-8b93740\" target=\"_blank\">\n\t\t\t\t\t\t<span class=\"elementor-screen-only\">Facebook-f<\/span>\n\t\t\t\t\t\t<i aria-hidden=\"true\" class=\"fab fa-facebook-f\"><\/i>\t\t\t\t\t<\/a>\n\t\t\t\t<\/span>\n\t\t\t\t\t<\/div>\n\t\t\t\t\t\t<\/div>\n\t\t\t\t<\/div>\n\t\t\t\t\t<\/div>\n\t\t<\/div>\n\t\t\t\t<div class=\"elementor-column elementor-col-50 elementor-inner-column elementor-element elementor-element-4bb23cf\" data-id=\"4bb23cf\" data-element_type=\"column\" data-e-type=\"column\">\n\t\t\t<div class=\"elementor-widget-wrap elementor-element-populated\">\n\t\t\t\t\t\t<div class=\"elementor-element elementor-element-03e48c1 elementor-position-left elementor-vertical-align-middle elementor-widget elementor-widget-image-box\" data-id=\"03e48c1\" data-element_type=\"widget\" data-e-type=\"widget\" data-widget_type=\"image-box.default\">\n\t\t\t\t<div class=\"elementor-widget-container\">\n\t\t\t\t\t<div class=\"elementor-image-box-wrapper\"><figure class=\"elementor-image-box-img\"><img loading=\"lazy\" decoding=\"async\" width=\"1080\" height=\"720\" src=\"https:\/\/odontologia.uaz.edu.mx\/wp-content\/uploads\/2023\/08\/313962459_493282816188935_403519691315065007_n.jpg\" class=\"attachment-full size-full wp-image-2185\" alt=\"\" srcset=\"https:\/\/odontologia.uaz.edu.mx\/wp-content\/uploads\/2023\/08\/313962459_493282816188935_403519691315065007_n.jpg 1080w, https:\/\/odontologia.uaz.edu.mx\/wp-content\/uploads\/2023\/08\/313962459_493282816188935_403519691315065007_n-300x200.jpg 300w, https:\/\/odontologia.uaz.edu.mx\/wp-content\/uploads\/2023\/08\/313962459_493282816188935_403519691315065007_n-1024x683.jpg 1024w, https:\/\/odontologia.uaz.edu.mx\/wp-content\/uploads\/2023\/08\/313962459_493282816188935_403519691315065007_n-768x512.jpg 768w\" sizes=\"(max-width: 1080px) 100vw, 1080px\" \/><\/figure><\/div>\t\t\t\t<\/div>\n\t\t\t\t<\/div>\n\t\t\t\t<div class=\"elementor-element elementor-element-9563989 elementor-widget elementor-widget-text-editor\" data-id=\"9563989\" data-element_type=\"widget\" data-e-type=\"widget\" data-widget_type=\"text-editor.default\">\n\t\t\t\t<div class=\"elementor-widget-container\">\n\t\t\t\t\t\t\t\t\t<h1 style=\"text-align: center;\"><span style=\"color: #003366;\"><strong>CLICAMP<\/strong><\/span><\/h1><p style=\"text-align: center;\"><span style=\"color: #003366;\">Campus Siglo XXI<\/span><br \/><span style=\"color: #003366;\">Carretera Zacatecas &#8211; Guada<\/span><span style=\"color: #003366;\">lajara<\/span><br \/><span style=\"color: #003366;\">Kil\u00f3metro 6, Ejido la Escondida. <\/span><span style=\"color: #003366;\">CP 98160<\/span><br \/><span style=\"color: #003366;\">Zacatecas, Zacatecas, M\u00e9xico.<\/span><\/p><p style=\"text-align: center;\"><span style=\"color: #003366;\">Lunes a S\u00e1bado,\u00a0 9:00\u00a0 &#8211; 17:00 hrs.<\/span><br \/><span style=\"color: #003366;\"><strong style=\"font-size: 32px;\"><img loading=\"lazy\" decoding=\"async\" class=\"alignnone size-medium wp-image-2194\" src=\"http:\/\/odontologia.uaz.edu.mx\/wp-content\/uploads\/2023\/08\/Campus-uaz-MAPS-2023-300x175.png\" alt=\"\" width=\"300\" height=\"175\" srcset=\"https:\/\/odontologia.uaz.edu.mx\/wp-content\/uploads\/2023\/08\/Campus-uaz-MAPS-2023-300x175.png 300w, https:\/\/odontologia.uaz.edu.mx\/wp-content\/uploads\/2023\/08\/Campus-uaz-MAPS-2023-1024x598.png 1024w, https:\/\/odontologia.uaz.edu.mx\/wp-content\/uploads\/2023\/08\/Campus-uaz-MAPS-2023-768x448.png 768w, https:\/\/odontologia.uaz.edu.mx\/wp-content\/uploads\/2023\/08\/Campus-uaz-MAPS-2023.png 1305w\" sizes=\"(max-width: 300px) 100vw, 300px\" \/><\/strong><\/span><\/p><p style=\"text-align: center;\">https:\/\/goo.gl\/maps\/A6FPt9sXfDEDgFAi7<\/p><p>\u00a0<\/p>\t\t\t\t\t\t\t\t<\/div>\n\t\t\t\t<\/div>\n\t\t\t\t<div class=\"elementor-element elementor-element-175e9d68 e-grid-align-right e-grid-align-mobile-center elementor-shape-rounded elementor-grid-0 elementor-widget elementor-widget-social-icons\" data-id=\"175e9d68\" data-element_type=\"widget\" data-e-type=\"widget\" data-widget_type=\"social-icons.default\">\n\t\t\t\t<div class=\"elementor-widget-container\">\n\t\t\t\t\t\t\t<div class=\"elementor-social-icons-wrapper elementor-grid\" role=\"list\">\n\t\t\t\t\t\t\t<span class=\"elementor-grid-item\" role=\"listitem\">\n\t\t\t\t\t<a class=\"elementor-icon elementor-social-icon elementor-social-icon-facebook-f elementor-animation-grow elementor-repeater-item-8b93740\" target=\"_blank\">\n\t\t\t\t\t\t<span class=\"elementor-screen-only\">Facebook-f<\/span>\n\t\t\t\t\t\t<i aria-hidden=\"true\" class=\"fab fa-facebook-f\"><\/i>\t\t\t\t\t<\/a>\n\t\t\t\t<\/span>\n\t\t\t\t\t\t\t<span class=\"elementor-grid-item\" role=\"listitem\">\n\t\t\t\t\t<a class=\"elementor-icon elementor-social-icon elementor-social-icon-twitter elementor-animation-grow elementor-repeater-item-d2b7695\" target=\"_blank\">\n\t\t\t\t\t\t<span class=\"elementor-screen-only\">Twitter<\/span>\n\t\t\t\t\t\t<i aria-hidden=\"true\" class=\"fab fa-twitter\"><\/i>\t\t\t\t\t<\/a>\n\t\t\t\t<\/span>\n\t\t\t\t\t\t\t<span class=\"elementor-grid-item\" role=\"listitem\">\n\t\t\t\t\t<a class=\"elementor-icon elementor-social-icon elementor-social-icon-dribbble elementor-animation-grow elementor-repeater-item-0831677\" target=\"_blank\">\n\t\t\t\t\t\t<span class=\"elementor-screen-only\">Dribbble<\/span>\n\t\t\t\t\t\t<i aria-hidden=\"true\" class=\"fab fa-dribbble\"><\/i>\t\t\t\t\t<\/a>\n\t\t\t\t<\/span>\n\t\t\t\t\t\t\t<span class=\"elementor-grid-item\" role=\"listitem\">\n\t\t\t\t\t<a class=\"elementor-icon elementor-social-icon elementor-social-icon-behance elementor-animation-grow elementor-repeater-item-0ac3790\" target=\"_blank\">\n\t\t\t\t\t\t<span class=\"elementor-screen-only\">Behance<\/span>\n\t\t\t\t\t\t<i aria-hidden=\"true\" class=\"fab fa-behance\"><\/i>\t\t\t\t\t<\/a>\n\t\t\t\t<\/span>\n\t\t\t\t\t<\/div>\n\t\t\t\t\t\t<\/div>\n\t\t\t\t<\/div>\n\t\t\t\t\t<\/div>\n\t\t<\/div>\n\t\t\t\t\t<\/div>\n\t\t<\/section>\n\t\t\t\t\t<\/div>\n\t\t<\/div>\n\t\t\t\t\t<\/div>\n\t\t<\/section>\n\t\t\t\t<section class=\"elementor-section elementor-top-section elementor-element elementor-element-1cbbb19 elementor-section-boxed elementor-section-height-default elementor-section-height-default\" data-id=\"1cbbb19\" data-element_type=\"section\" data-e-type=\"section\">\n\t\t\t\t\t\t<div class=\"elementor-container elementor-column-gap-default\">\n\t\t\t\t\t<div class=\"elementor-column elementor-col-100 elementor-top-column elementor-element elementor-element-4e3e329\" data-id=\"4e3e329\" data-element_type=\"column\" data-e-type=\"column\">\n\t\t\t<div class=\"elementor-widget-wrap elementor-element-populated\">\n\t\t\t\t\t\t<div class=\"elementor-element elementor-element-826d18c elementor-widget elementor-widget-image\" data-id=\"826d18c\" data-element_type=\"widget\" data-e-type=\"widget\" data-widget_type=\"image.default\">\n\t\t\t\t<div class=\"elementor-widget-container\">\n\t\t\t\t\t\t\t\t\t\t\t\t\t\t\t<img loading=\"lazy\" decoding=\"async\" width=\"768\" height=\"1024\" src=\"https:\/\/odontologia.uaz.edu.mx\/wp-content\/uploads\/2024\/02\/Consulta-Ext-24-768x1024.jpg\" class=\"attachment-large size-large wp-image-2210\" alt=\"\" srcset=\"https:\/\/odontologia.uaz.edu.mx\/wp-content\/uploads\/2024\/02\/Consulta-Ext-24-768x1024.jpg 768w, https:\/\/odontologia.uaz.edu.mx\/wp-content\/uploads\/2024\/02\/Consulta-Ext-24-225x300.jpg 225w, https:\/\/odontologia.uaz.edu.mx\/wp-content\/uploads\/2024\/02\/Consulta-Ext-24-1152x1536.jpg 1152w, https:\/\/odontologia.uaz.edu.mx\/wp-content\/uploads\/2024\/02\/Consulta-Ext-24.jpg 1200w\" sizes=\"(max-width: 768px) 100vw, 768px\" \/>\t\t\t\t\t\t\t\t\t\t\t\t\t\t\t<\/div>\n\t\t\t\t<\/div>\n\t\t\t\t\t<\/div>\n\t\t<\/div>\n\t\t\t\t\t<\/div>\n\t\t<\/section>\n\t\t\t\t<\/div>\n\t\t","protected":false},"excerpt":{"rendered":"<p>Horarios de atenci\u00f3n cl\u00ednica Atenci\u00f3n a la poblaci\u00f3n. CLIMUZAC\u00a0 \u00a0I Calle Begonias s\/n, Col. Centro GuadalupeLunes a viernes,\u00a0 9:00 &#8211; 13:00 hrs. y 15:00 &#8211; 19:00 hrs. S\u00e1bados 9:00 \u2013 17:00 horas https:\/\/goo.gl\/maps\/zxvHKyQyf8e3gCxb9 Facebook-f CLIMUZAC\u00a0 \u00a0II\u00a0 Calle Begonias s\/n, Col. Centro GuadalupeLunes a viernes,\u00a0 9:00 &#8211; 13:00 hrs. y 15:00 &#8211; 19:00 hrs. https:\/\/goo.gl\/maps\/zxvHKyQyf8e3gCxb9 Facebook [&hellip;]<\/p>\n","protected":false},"author":3,"featured_media":0,"parent":0,"menu_order":0,"comment_status":"closed","ping_status":"closed","template":"","meta":{"footnotes":""},"folder":[],"class_list":["post-151","page","type-page","status-publish","hentry"],"_links":{"self":[{"href":"https:\/\/odontologia.uaz.edu.mx\/index.php?rest_route=\/wp\/v2\/pages\/151","targetHints":{"allow":["GET"]}}],"collection":[{"href":"https:\/\/odontologia.uaz.edu.mx\/index.php?rest_route=\/wp\/v2\/pages"}],"about":[{"href":"https:\/\/odontologia.uaz.edu.mx\/index.php?rest_route=\/wp\/v2\/types\/page"}],"author":[{"embeddable":true,"href":"https:\/\/odontologia.uaz.edu.mx\/index.php?rest_route=\/wp\/v2\/users\/3"}],"replies":[{"embeddable":true,"href":"https:\/\/odontologia.uaz.edu.mx\/index.php?rest_route=%2Fwp%2Fv2%2Fcomments&post=151"}],"version-history":[{"count":111,"href":"https:\/\/odontologia.uaz.edu.mx\/index.php?rest_route=\/wp\/v2\/pages\/151\/revisions"}],"predecessor-version":[{"id":2213,"href":"https:\/\/odontologia.uaz.edu.mx\/index.php?rest_route=\/wp\/v2\/pages\/151\/revisions\/2213"}],"wp:attachment":[{"href":"https:\/\/odontologia.uaz.edu.mx\/index.php?rest_route=%2Fwp%2Fv2%2Fmedia&parent=151"}],"wp:term":[{"taxonomy":"folder","embeddable":true,"href":"https:\/\/odontologia.uaz.edu.mx\/index.php?rest_route=%2Fwp%2Fv2%2Ffolder&post=151"}],"curies":[{"name":"wp","href":"https:\/\/api.w.org\/{rel}","templated":true}]}}