{"id":175,"date":"2021-03-27T19:50:32","date_gmt":"2021-03-27T19:50:32","guid":{"rendered":"https:\/\/odontologia.uaz.edu.mx\/?page_id=175"},"modified":"2025-12-09T10:23:24","modified_gmt":"2025-12-09T16:23:24","slug":"lic-medico-cirujano-dentista","status":"publish","type":"page","link":"https:\/\/odontologia.uaz.edu.mx\/?page_id=175","title":{"rendered":"Lic. M\u00e9dico Cirujano Dentista"},"content":{"rendered":"\t\t<div data-elementor-type=\"wp-page\" data-elementor-id=\"175\" class=\"elementor elementor-175\">\n\t\t\t\t\t\t<section class=\"elementor-section elementor-top-section elementor-element elementor-element-53e54527 elementor-section-full_width elementor-section-height-default elementor-section-height-default\" data-id=\"53e54527\" data-element_type=\"section\" data-e-type=\"section\">\n\t\t\t\t\t\t<div class=\"elementor-container elementor-column-gap-default\">\n\t\t\t\t\t<div class=\"elementor-column elementor-col-100 elementor-top-column elementor-element elementor-element-d609899\" data-id=\"d609899\" data-element_type=\"column\" data-e-type=\"column\">\n\t\t\t<div class=\"elementor-widget-wrap\">\n\t\t\t\t\t\t\t<\/div>\n\t\t<\/div>\n\t\t\t\t\t<\/div>\n\t\t<\/section>\n\t\t\t\t<section class=\"elementor-section elementor-top-section elementor-element elementor-element-1c499b2 elementor-section-boxed elementor-section-height-default elementor-section-height-default\" data-id=\"1c499b2\" data-element_type=\"section\" data-e-type=\"section\">\n\t\t\t\t\t\t<div class=\"elementor-container elementor-column-gap-default\">\n\t\t\t\t\t<div class=\"elementor-column elementor-col-100 elementor-top-column elementor-element elementor-element-8fecb68\" data-id=\"8fecb68\" data-element_type=\"column\" data-e-type=\"column\">\n\t\t\t<div class=\"elementor-widget-wrap elementor-element-populated\">\n\t\t\t\t\t\t<div class=\"elementor-element elementor-element-51c45ee elementor-widget elementor-widget-heading\" data-id=\"51c45ee\" data-element_type=\"widget\" data-e-type=\"widget\" data-widget_type=\"heading.default\">\n\t\t\t\t<div class=\"elementor-widget-container\">\n\t\t\t\t\t<h2 class=\"elementor-heading-title elementor-size-default\">MISI\u00d3N DE LA LICENCIATURA DE M\u00c9DICO CIRUJANO DENTISTA<\/h2>\t\t\t\t<\/div>\n\t\t\t\t<\/div>\n\t\t\t\t<div class=\"elementor-element elementor-element-aa7ef75 elementor-widget elementor-widget-text-editor\" data-id=\"aa7ef75\" data-element_type=\"widget\" data-e-type=\"widget\" data-widget_type=\"text-editor.default\">\n\t\t\t\t<div class=\"elementor-widget-container\">\n\t\t\t\t\t\t\t\t\t<p>Formar M\u00e9dicos Cirujanos Dentistas integrales de alta calidad, merced a los enfoques multidisciplinario, interdisciplinario y transdisciplinarios del proceso de ense\u00f1anza-aprendizaje aplicado por medio de la implementaci\u00f3n de programas espec\u00edficos de docencia, investigaci\u00f3n, extensi\u00f3n, vinculaci\u00f3n y difusi\u00f3n, propiciando en los estudiantes el desarrollo del esp\u00edritu innovador y emprendedor, la vocaci\u00f3n de l\u00edder comprometido socialmente con la comunidad y el medio ambiente, al tiempo que se promueve los valores de responsabilidad, tolerancia, respeto, justicia, equidad, atingencia, cooperaci\u00f3n y servicio, bajo el paradigma de la formaci\u00f3n para la vida y la educaci\u00f3n continua, con el prop\u00f3sito de otorgar atenci\u00f3n permanente a los problemas de salud bucodental de la poblaci\u00f3n especialmente los m\u00e1s desprotegidos y vulnerable, promoviendo el desarrollo sostenible de la regi\u00f3n, nacional e internacional.<\/p>\t\t\t\t\t\t\t\t<\/div>\n\t\t\t\t<\/div>\n\t\t\t\t<div class=\"elementor-element elementor-element-7a008b4 elementor-widget elementor-widget-heading\" data-id=\"7a008b4\" data-element_type=\"widget\" data-e-type=\"widget\" data-widget_type=\"heading.default\">\n\t\t\t\t<div class=\"elementor-widget-container\">\n\t\t\t\t\t<h2 class=\"elementor-heading-title elementor-size-default\">VISI\u00d3N DE LA LICENCIATURA DE M\u00c9DICO CIRUJANO DENTISTA<\/h2>\t\t\t\t<\/div>\n\t\t\t\t<\/div>\n\t\t\t\t<div class=\"elementor-element elementor-element-ec2d778 elementor-widget elementor-widget-text-editor\" data-id=\"ec2d778\" data-element_type=\"widget\" data-e-type=\"widget\" data-widget_type=\"text-editor.default\">\n\t\t\t\t<div class=\"elementor-widget-container\">\n\t\t\t\t\t\t\t\t\t<p>Para 2032, la Licenciatura de M\u00e9dico Cirujano Dentista mantendr\u00e1 su nivel de programa educativo de calidad, acreditado por organismos evaluadores nacionales e internacionales. Se contara con un curriculum actualizado, pertinente, y flexible, el cual permitir\u00e1 la movilidad acad\u00e9mica nacional e internacional de estudiantes y docentes mejorando con ello la calidad del proceso de ense\u00f1anza-aprendizaje y la r\u00e1pida inserci\u00f3n de los egresados en el mercado laboral. Habr\u00e1 dos Cuerpos Acad\u00e9micos consolidados, dos en consolidaci\u00f3n y dos en formaci\u00f3n participando en redes de investigadores nacionales e internacionales que incidir\u00e1n en el desarrollo de la investigaci\u00f3n, extensi\u00f3n, vinculaci\u00f3n y difusi\u00f3n del quehacer cotidiano de la unidad acad\u00e9mica; la calidad del recurso humano formado integralmente se fundamentara en los valores de responsabilidad, tolerancia, respeto, justicia, equidad, atingencia, cooperaci\u00f3n y servicio, contribuyendo con ello al desarrollo sostenible a nivel regional, nacional e internacional.<\/p>\t\t\t\t\t\t\t\t<\/div>\n\t\t\t\t<\/div>\n\t\t\t\t<div class=\"elementor-element elementor-element-61e8f5e elementor-widget elementor-widget-heading\" data-id=\"61e8f5e\" data-element_type=\"widget\" data-e-type=\"widget\" data-widget_type=\"heading.default\">\n\t\t\t\t<div class=\"elementor-widget-container\">\n\t\t\t\t\t<h2 class=\"elementor-heading-title elementor-size-default\">OBJETIVOS DE LA LICENCIATURA DE M\u00c9DICO CIRUJANO DENTISTA, UAO\/UAZ<\/h2>\t\t\t\t<\/div>\n\t\t\t\t<\/div>\n\t\t\t\t<div class=\"elementor-element elementor-element-2805894 elementor-widget elementor-widget-text-editor\" data-id=\"2805894\" data-element_type=\"widget\" data-e-type=\"widget\" data-widget_type=\"text-editor.default\">\n\t\t\t\t<div class=\"elementor-widget-container\">\n\t\t\t\t\t\t\t\t\t<ul><li>Generar en los estudiantes la adquisici\u00f3n de competencias profesionales y disciplinares integrales con sentido social, requeridas para insertarse competitivamente en el mercado laboral nacional e internacional y responder de forma eficiente y eficaz a las necesidades de salud bucal y general de la poblaci\u00f3n demandante del servicio odontol\u00f3gico, que sean participativos en la generaci\u00f3n, recreaci\u00f3n y aplicaci\u00f3n de conocimientos cl\u00ednicos, bil\u00f3gicos y sociales para \u00e9ticamente investigar y contribuir en la solucionar de los problemas de la comunidad.<\/li><li>Promover la interacci\u00f3n del estudiante y del docente en espacios o centros de investigaci\u00f3n de otras instituciones para el desarrollo de acciones conjuntas que propicien el establecimiento de redes acad\u00e9micas y de investigaci\u00f3n, con el prop\u00f3sito de mejorar las funciones sustantivas y adjetivas que se realzan en las aulas, cl\u00ednicas y laboratorios de la unidad acad\u00e9mica.<\/li><li>Reducir los indicadores de reprobaci\u00f3n, deserci\u00f3n y rezago al 5% cada uno, incrementar la titulaci\u00f3n al 95%, el 75% de sus planta docente tendr\u00e1 estudios de posgrado y ser\u00e1 Perfil Prodep, se tendr\u00e1 un 2% de docente en el Sistema Nacional de Investigadores (SNI), se tendr\u00e1n 2 Cuerpos Acad\u00e9micos Consolidados, 2 en Consolidaci\u00f3n y 1 en Formaci\u00f3n<\/li><\/ul>\t\t\t\t\t\t\t\t<\/div>\n\t\t\t\t<\/div>\n\t\t\t\t<div class=\"elementor-element elementor-element-b025efe elementor-widget elementor-widget-heading\" data-id=\"b025efe\" data-element_type=\"widget\" data-e-type=\"widget\" data-widget_type=\"heading.default\">\n\t\t\t\t<div class=\"elementor-widget-container\">\n\t\t\t\t\t<h2 class=\"elementor-heading-title elementor-size-default\">PERFIL DE INGRESO A LA LICENCIATURA DE M\u00c9DICO CIRUJANO DENTISTA<\/h2>\t\t\t\t<\/div>\n\t\t\t\t<\/div>\n\t\t\t\t<div class=\"elementor-element elementor-element-4f527a3 elementor-widget elementor-widget-text-editor\" data-id=\"4f527a3\" data-element_type=\"widget\" data-e-type=\"widget\" data-widget_type=\"text-editor.default\">\n\t\t\t\t<div class=\"elementor-widget-container\">\n\t\t\t\t\t\t\t\t\t<p>\u00a0<\/p><ul><li>Tener afinidad por el \u00c1rea de Ciencias de la Salud y en particular por la Licenciatura de M\u00e9dico Cirujano Dentista.<\/li><li>Haber elegido como primera opci\u00f3n la Licenciatura de M\u00e9dico Cirujano Dentista.<\/li><li>Estar familiarizado con el campo y los conocimientos odontol\u00f3gicos.<\/li><li>Poseer madurez emocional en el car\u00e1cter y la personalidad.<\/li><li>Tener antecedente de trabajo en equipo y disponibilidad para efectuarlo, lo mismo que para el aprendizaje grupal.<\/li><li>Ser competente en la comprensi\u00f3n lectora y la redacci\u00f3n para comunicarse y expresar sus ideas de forma oral y escrita.<\/li><li>Tener un nivel b\u00e1sico de un segundo idioma (preferentemente el Ingles).<\/li><li>Poseer capacidad y destreza para relacionarse interpersonalmente<\/li><li>Tener habilidades manuales y espaciales.<\/li><li>Tener desarrollado el pensamiento abstracto.<\/li><li>Ser tolerante, responsable, respetuoso, honrado y poseer esp\u00edritu de servicio.<\/li><\/ul><p>\u00a0<\/p>\t\t\t\t\t\t\t\t<\/div>\n\t\t\t\t<\/div>\n\t\t\t\t<div class=\"elementor-element elementor-element-b213620 elementor-widget elementor-widget-heading\" data-id=\"b213620\" data-element_type=\"widget\" data-e-type=\"widget\" data-widget_type=\"heading.default\">\n\t\t\t\t<div class=\"elementor-widget-container\">\n\t\t\t\t\t<h2 class=\"elementor-heading-title elementor-size-default\">PERFIL DE EGRESO DE LA LICENCIATURA DE M\u00c9DICO CIRUJANO DENTISTA, UAO\/UAZ<\/h2>\t\t\t\t<\/div>\n\t\t\t\t<\/div>\n\t\t\t\t<div class=\"elementor-element elementor-element-15faedc elementor-widget elementor-widget-text-editor\" data-id=\"15faedc\" data-element_type=\"widget\" data-e-type=\"widget\" data-widget_type=\"text-editor.default\">\n\t\t\t\t<div class=\"elementor-widget-container\">\n\t\t\t\t\t\t\t\t\t<p>El perfil del egresado se describe en t\u00e9rminos de:<\/p><ul><li>El egresado debe de <em>ser competente <\/em>para saber te\u00f3rica y poder t\u00e9cnicamente realizar la actividad cl\u00ednica indicada correctamente.<\/li><li>El egresado debe de <em>tener conocimiento <\/em>te\u00f3rico para saber porque hacer la actividad cl\u00ednica.<\/li><li>El egresado debe de <em>estar familiarizado <\/em>con las actividades cl\u00ednica propias de la odontolog\u00eda general.<\/li><\/ul><p>\u00a0<\/p><p>Los resultados de aprendizaje generado se describen en cuatro dominios:<\/p><ul><li><strong><em>Habilidades cl\u00ednicas para poder saber <\/em><\/strong>te\u00f3rica <strong><em>y hacer <\/em><\/strong>t\u00e9cnicamente la actividad cl\u00ednica indicada (intradisciplinarias).<\/li><li><strong><em>Comunicaci\u00f3n para poder interrelacionarse <\/em><\/strong>con sus compa\u00f1eros de trabajo y sus pacientes (intra e interdisciplinarias).<\/li><li><strong><em>Profesionalismopara comportarse y actuar con \u00e9tica <\/em><\/strong>ante sus pacientes y sus familiares, durante las actividades cl\u00ednicas (intra e interdisciplinarias).<\/li><li><strong>Disciplinares<em>para poder saber <\/em><\/strong>te\u00f3ricamente, hacer las actividades cl\u00ednicas bajo un enfoque integral (intra e interdisciplinarias).<\/li><li><strong><em>Administraci\u00f3n para poder planear, controlar y evaluar <\/em><\/strong>las actividades cl\u00ednicas y saber gestionar las condiciones necesarias para su \u00e9xito (intra e interdisciplinarias).<\/li><\/ul>\t\t\t\t\t\t\t\t<\/div>\n\t\t\t\t<\/div>\n\t\t\t\t\t<\/div>\n\t\t<\/div>\n\t\t\t\t\t<\/div>\n\t\t<\/section>\n\t\t\t\t<section class=\"elementor-section elementor-top-section elementor-element elementor-element-7a4000b elementor-section-boxed elementor-section-height-default elementor-section-height-default\" data-id=\"7a4000b\" data-element_type=\"section\" data-e-type=\"section\">\n\t\t\t\t\t\t<div class=\"elementor-container elementor-column-gap-default\">\n\t\t\t\t\t<div class=\"elementor-column elementor-col-100 elementor-top-column elementor-element elementor-element-c41e983\" data-id=\"c41e983\" data-element_type=\"column\" data-e-type=\"column\">\n\t\t\t<div class=\"elementor-widget-wrap elementor-element-populated\">\n\t\t\t\t\t\t<div class=\"elementor-element elementor-element-6a37e0d elementor-widget elementor-widget-spacer\" data-id=\"6a37e0d\" data-element_type=\"widget\" data-e-type=\"widget\" data-widget_type=\"spacer.default\">\n\t\t\t\t<div class=\"elementor-widget-container\">\n\t\t\t\t\t\t\t<div class=\"elementor-spacer\">\n\t\t\t<div class=\"elementor-spacer-inner\"><\/div>\n\t\t<\/div>\n\t\t\t\t\t\t<\/div>\n\t\t\t\t<\/div>\n\t\t\t\t\t<\/div>\n\t\t<\/div>\n\t\t\t\t\t<\/div>\n\t\t<\/section>\n\t\t\t\t<\/div>\n\t\t","protected":false},"excerpt":{"rendered":"<p>MISI\u00d3N DE LA LICENCIATURA DE M\u00c9DICO CIRUJANO DENTISTA Formar M\u00e9dicos Cirujanos Dentistas integrales de alta calidad, merced a los enfoques multidisciplinario, interdisciplinario y transdisciplinarios del proceso de ense\u00f1anza-aprendizaje aplicado por medio de la implementaci\u00f3n de programas espec\u00edficos de docencia, investigaci\u00f3n, extensi\u00f3n, vinculaci\u00f3n y difusi\u00f3n, propiciando en los estudiantes el desarrollo del esp\u00edritu innovador y emprendedor, [&hellip;]<\/p>\n","protected":false},"author":3,"featured_media":0,"parent":0,"menu_order":0,"comment_status":"closed","ping_status":"closed","template":"","meta":{"footnotes":""},"folder":[],"class_list":["post-175","page","type-page","status-publish","hentry"],"_links":{"self":[{"href":"https:\/\/odontologia.uaz.edu.mx\/index.php?rest_route=\/wp\/v2\/pages\/175","targetHints":{"allow":["GET"]}}],"collection":[{"href":"https:\/\/odontologia.uaz.edu.mx\/index.php?rest_route=\/wp\/v2\/pages"}],"about":[{"href":"https:\/\/odontologia.uaz.edu.mx\/index.php?rest_route=\/wp\/v2\/types\/page"}],"author":[{"embeddable":true,"href":"https:\/\/odontologia.uaz.edu.mx\/index.php?rest_route=\/wp\/v2\/users\/3"}],"replies":[{"embeddable":true,"href":"https:\/\/odontologia.uaz.edu.mx\/index.php?rest_route=%2Fwp%2Fv2%2Fcomments&post=175"}],"version-history":[{"count":34,"href":"https:\/\/odontologia.uaz.edu.mx\/index.php?rest_route=\/wp\/v2\/pages\/175\/revisions"}],"predecessor-version":[{"id":2729,"href":"https:\/\/odontologia.uaz.edu.mx\/index.php?rest_route=\/wp\/v2\/pages\/175\/revisions\/2729"}],"wp:attachment":[{"href":"https:\/\/odontologia.uaz.edu.mx\/index.php?rest_route=%2Fwp%2Fv2%2Fmedia&parent=175"}],"wp:term":[{"taxonomy":"folder","embeddable":true,"href":"https:\/\/odontologia.uaz.edu.mx\/index.php?rest_route=%2Fwp%2Fv2%2Ffolder&post=175"}],"curies":[{"name":"wp","href":"https:\/\/api.w.org\/{rel}","templated":true}]}}