{"id":2645,"date":"2025-12-05T13:03:36","date_gmt":"2025-12-05T19:03:36","guid":{"rendered":"https:\/\/odontologia.uaz.edu.mx\/?page_id=2645"},"modified":"2025-12-05T13:04:04","modified_gmt":"2025-12-05T19:04:04","slug":"revistas","status":"publish","type":"page","link":"https:\/\/odontologia.uaz.edu.mx\/?page_id=2645","title":{"rendered":"Revistas"},"content":{"rendered":"\t\t<div data-elementor-type=\"wp-page\" data-elementor-id=\"2645\" class=\"elementor elementor-2645\">\n\t\t\t\t\t\t<section class=\"elementor-section elementor-top-section elementor-element elementor-element-e686243 elementor-section-boxed elementor-section-height-default elementor-section-height-default\" data-id=\"e686243\" data-element_type=\"section\" data-e-type=\"section\">\n\t\t\t\t\t\t<div class=\"elementor-container elementor-column-gap-default\">\n\t\t\t\t\t<div class=\"elementor-column elementor-col-100 elementor-top-column elementor-element elementor-element-df3b78f\" data-id=\"df3b78f\" data-element_type=\"column\" data-e-type=\"column\">\n\t\t\t<div class=\"elementor-widget-wrap elementor-element-populated\">\n\t\t\t\t\t\t<div class=\"elementor-element elementor-element-46f75b9 elementor-widget__width-initial elementor-widget elementor-widget-image\" data-id=\"46f75b9\" data-element_type=\"widget\" data-e-type=\"widget\" data-widget_type=\"image.default\">\n\t\t\t\t<div class=\"elementor-widget-container\">\n\t\t\t\t\t\t\t\t\t\t\t\t\t\t\t<img fetchpriority=\"high\" decoding=\"async\" width=\"1024\" height=\"77\" src=\"https:\/\/odontologia.uaz.edu.mx\/wp-content\/uploads\/2025\/12\/Encabezado-uao-contexto-1024x77.png\" class=\"attachment-large size-large wp-image-2650\" alt=\"\" srcset=\"https:\/\/odontologia.uaz.edu.mx\/wp-content\/uploads\/2025\/12\/Encabezado-uao-contexto-1024x77.png 1024w, https:\/\/odontologia.uaz.edu.mx\/wp-content\/uploads\/2025\/12\/Encabezado-uao-contexto-300x23.png 300w, https:\/\/odontologia.uaz.edu.mx\/wp-content\/uploads\/2025\/12\/Encabezado-uao-contexto-768x58.png 768w, https:\/\/odontologia.uaz.edu.mx\/wp-content\/uploads\/2025\/12\/Encabezado-uao-contexto.png 1280w\" sizes=\"(max-width: 1024px) 100vw, 1024px\" \/>\t\t\t\t\t\t\t\t\t\t\t\t\t\t\t<\/div>\n\t\t\t\t<\/div>\n\t\t\t\t\t<\/div>\n\t\t<\/div>\n\t\t\t\t\t<\/div>\n\t\t<\/section>\n\t\t\t\t<section class=\"elementor-section elementor-top-section elementor-element elementor-element-6a51346 elementor-section-boxed elementor-section-height-default elementor-section-height-default\" data-id=\"6a51346\" data-element_type=\"section\" data-e-type=\"section\">\n\t\t\t\t\t\t<div class=\"elementor-container elementor-column-gap-default\">\n\t\t\t\t\t<div class=\"elementor-column elementor-col-100 elementor-top-column elementor-element elementor-element-538bff4\" data-id=\"538bff4\" data-element_type=\"column\" data-e-type=\"column\">\n\t\t\t<div class=\"elementor-widget-wrap elementor-element-populated\">\n\t\t\t\t\t\t<div class=\"elementor-element elementor-element-44485e8 elementor-widget elementor-widget-text-editor\" data-id=\"44485e8\" data-element_type=\"widget\" data-e-type=\"widget\" data-widget_type=\"text-editor.default\">\n\t\t\t\t<div class=\"elementor-widget-container\">\n\t\t\t\t\t\t\t\t\t<p><strong>Desde 2009, la revista\u00a0<em>Contexto Odontol\u00f3gico<\/em>\u00a0de la Unidad Acad\u00e9mica de Odontolog\u00eda de la Universidad Aut\u00f3noma de Zacatecas surge como un espacio para el desarrollo y divulgaci\u00f3n del conocimiento, que tiene como eje principal de su pol\u00edtica editorial el forjar y mantener la<em>\u00a0disciplina y el pensamiento<\/em>\u00a0como principales factores que deben tomarse en cuenta adem\u00e1s de buscar la apertura y transformaci\u00f3n acad\u00e9mica permanente y vincularlo con la odontolog\u00eda.<\/strong><\/p><p><strong>Es una revista cient\u00edfica publicada semestralmente y deber\u00e1n someterse a un arbitraje, (revisi\u00f3n por pares bajo el principio de Doble Ciego), abierta a investigadores, docentes y profesionales especializados en el \u00e1rea Odontol\u00f3gica y Ciencias de la Salud relacionada y aplicada a la Odontolog\u00eda.<\/strong><\/p><p><strong>Los tipos de publicaciones que recibe son en las siguientes \u00e1reas: Epidemiol\u00f3gica, casos cl\u00ednicos, investigaci\u00f3n experimental, investigaciones cl\u00ednicas y revisiones de la literatura las cuales se enfocar\u00e1n a los aspectos cient\u00edficos de la odontolog\u00eda.<\/strong><\/p>\t\t\t\t\t\t\t\t<\/div>\n\t\t\t\t<\/div>\n\t\t\t\t\t<\/div>\n\t\t<\/div>\n\t\t\t\t\t<\/div>\n\t\t<\/section>\n\t\t\t\t<section class=\"elementor-section elementor-top-section elementor-element elementor-element-db16901 elementor-section-boxed elementor-section-height-default elementor-section-height-default\" data-id=\"db16901\" data-element_type=\"section\" data-e-type=\"section\">\n\t\t\t\t\t\t<div class=\"elementor-container elementor-column-gap-default\">\n\t\t\t\t\t<div class=\"elementor-column elementor-col-100 elementor-top-column elementor-element elementor-element-98fb272\" data-id=\"98fb272\" data-element_type=\"column\" data-e-type=\"column\">\n\t\t\t<div class=\"elementor-widget-wrap elementor-element-populated\">\n\t\t\t\t\t\t<div class=\"elementor-element elementor-element-b0e70a5 elementor-widget elementor-widget-image\" data-id=\"b0e70a5\" data-element_type=\"widget\" data-e-type=\"widget\" data-widget_type=\"image.default\">\n\t\t\t\t<div class=\"elementor-widget-container\">\n\t\t\t\t\t\t\t\t\t\t\t\t\t\t\t\t<a href=\"https:\/\/revistas.uaz.edu.mx\/index.php\/contextoodontologico\" target=\"_blank\">\n\t\t\t\t\t\t\t<img decoding=\"async\" width=\"238\" height=\"159\" src=\"https:\/\/odontologia.uaz.edu.mx\/wp-content\/uploads\/2025\/12\/Contexto1.jpg\" class=\"attachment-large size-large wp-image-2649\" alt=\"\" \/>\t\t\t\t\t\t\t\t<\/a>\n\t\t\t\t\t\t\t\t\t\t\t\t\t\t\t<\/div>\n\t\t\t\t<\/div>\n\t\t\t\t\t<\/div>\n\t\t<\/div>\n\t\t\t\t\t<\/div>\n\t\t<\/section>\n\t\t\t\t<section class=\"elementor-section elementor-top-section elementor-element elementor-element-e538eac elementor-section-boxed elementor-section-height-default elementor-section-height-default\" data-id=\"e538eac\" data-element_type=\"section\" data-e-type=\"section\">\n\t\t\t\t\t\t<div class=\"elementor-container elementor-column-gap-default\">\n\t\t\t\t\t<div class=\"elementor-column elementor-col-100 elementor-top-column elementor-element elementor-element-9994275\" data-id=\"9994275\" data-element_type=\"column\" data-e-type=\"column\">\n\t\t\t<div class=\"elementor-widget-wrap elementor-element-populated\">\n\t\t\t\t\t\t<div class=\"elementor-element elementor-element-470f607 elementor-widget elementor-widget-image\" data-id=\"470f607\" data-element_type=\"widget\" data-e-type=\"widget\" data-widget_type=\"image.default\">\n\t\t\t\t<div class=\"elementor-widget-container\">\n\t\t\t\t\t\t\t\t\t\t\t\t\t\t\t<img decoding=\"async\" width=\"1024\" height=\"77\" src=\"https:\/\/odontologia.uaz.edu.mx\/wp-content\/uploads\/2025\/12\/Encabezado-uaoProceedings-1024x77.png\" class=\"attachment-large size-large wp-image-2656\" alt=\"\" srcset=\"https:\/\/odontologia.uaz.edu.mx\/wp-content\/uploads\/2025\/12\/Encabezado-uaoProceedings-1024x77.png 1024w, https:\/\/odontologia.uaz.edu.mx\/wp-content\/uploads\/2025\/12\/Encabezado-uaoProceedings-300x23.png 300w, https:\/\/odontologia.uaz.edu.mx\/wp-content\/uploads\/2025\/12\/Encabezado-uaoProceedings-768x58.png 768w, https:\/\/odontologia.uaz.edu.mx\/wp-content\/uploads\/2025\/12\/Encabezado-uaoProceedings.png 1280w\" sizes=\"(max-width: 1024px) 100vw, 1024px\" \/>\t\t\t\t\t\t\t\t\t\t\t\t\t\t\t<\/div>\n\t\t\t\t<\/div>\n\t\t\t\t\t<\/div>\n\t\t<\/div>\n\t\t\t\t\t<\/div>\n\t\t<\/section>\n\t\t\t\t<section class=\"elementor-section elementor-top-section elementor-element elementor-element-cf8e060 elementor-section-boxed elementor-section-height-default elementor-section-height-default\" data-id=\"cf8e060\" data-element_type=\"section\" data-e-type=\"section\">\n\t\t\t\t\t\t<div class=\"elementor-container elementor-column-gap-default\">\n\t\t\t\t\t<div class=\"elementor-column elementor-col-100 elementor-top-column elementor-element elementor-element-0ff37d7\" data-id=\"0ff37d7\" data-element_type=\"column\" data-e-type=\"column\">\n\t\t\t<div class=\"elementor-widget-wrap elementor-element-populated\">\n\t\t\t\t\t\t<div class=\"elementor-element elementor-element-d096c35 elementor-widget elementor-widget-text-editor\" data-id=\"d096c35\" data-element_type=\"widget\" data-e-type=\"widget\" data-widget_type=\"text-editor.default\">\n\t\t\t\t<div class=\"elementor-widget-container\">\n\t\t\t\t\t\t\t\t\t<p><strong>Conference Proceedings, Jornadas de Investigaci\u00f3n en Odontolog\u00eda\u00a0surge en el a\u00f1o 2021 como organo de difusi\u00f3n de trabajos sobre Odontolog\u00eda en foma de productos de investigaci\u00f3n b\u00e1sica, educativa y epidemiol\u00f3gica, as\u00ed como casos cl\u00ednicos. La revista p\u00fablica trabajos in\u00e9ditos que provengan de una investigaci\u00f3n rigurosa y de calidad.<\/strong><\/p><p><strong>\u00a0Surgen por la necesidad de los integrantes de los cuerpos acad\u00e9micos e investigadores del Instituto de Investigaciones en Odontolog\u00eda (INIVO) de difundir las actividades realizadas como productos de proyectos investigaci\u00f3n as\u00ed como de la titulaci\u00f3n de estudiantes. Adem\u00e1s de promover el incremento de investigaciones apegadas a la normatividad.<\/strong><\/p>\t\t\t\t\t\t\t\t<\/div>\n\t\t\t\t<\/div>\n\t\t\t\t\t<\/div>\n\t\t<\/div>\n\t\t\t\t\t<\/div>\n\t\t<\/section>\n\t\t\t\t<section class=\"elementor-section elementor-top-section elementor-element elementor-element-96a3da9 elementor-section-boxed elementor-section-height-default elementor-section-height-default\" data-id=\"96a3da9\" data-element_type=\"section\" data-e-type=\"section\">\n\t\t\t\t\t\t<div class=\"elementor-container elementor-column-gap-default\">\n\t\t\t\t\t<div class=\"elementor-column elementor-col-100 elementor-top-column elementor-element elementor-element-d72d77b\" data-id=\"d72d77b\" data-element_type=\"column\" data-e-type=\"column\">\n\t\t\t<div class=\"elementor-widget-wrap elementor-element-populated\">\n\t\t\t\t\t\t<div class=\"elementor-element elementor-element-3d608a2 elementor-widget elementor-widget-image\" data-id=\"3d608a2\" data-element_type=\"widget\" data-e-type=\"widget\" data-widget_type=\"image.default\">\n\t\t\t\t<div class=\"elementor-widget-container\">\n\t\t\t\t\t\t\t\t\t\t\t\t\t\t\t\t<a href=\"https:\/\/revistas.uaz.edu.mx\/index.php\/CPJIIO\" target=\"_blank\">\n\t\t\t\t\t\t\t<img loading=\"lazy\" decoding=\"async\" width=\"150\" height=\"150\" src=\"https:\/\/odontologia.uaz.edu.mx\/wp-content\/uploads\/2025\/12\/LOGOTIPO-JORNADAS-DE-INVESTIGACION-2023-150x150.png\" class=\"attachment-thumbnail size-thumbnail wp-image-2658\" alt=\"\" srcset=\"https:\/\/odontologia.uaz.edu.mx\/wp-content\/uploads\/2025\/12\/LOGOTIPO-JORNADAS-DE-INVESTIGACION-2023-150x150.png 150w, https:\/\/odontologia.uaz.edu.mx\/wp-content\/uploads\/2025\/12\/LOGOTIPO-JORNADAS-DE-INVESTIGACION-2023-300x300.png 300w, https:\/\/odontologia.uaz.edu.mx\/wp-content\/uploads\/2025\/12\/LOGOTIPO-JORNADAS-DE-INVESTIGACION-2023.png 500w\" sizes=\"(max-width: 150px) 100vw, 150px\" \/>\t\t\t\t\t\t\t\t<\/a>\n\t\t\t\t\t\t\t\t\t\t\t\t\t\t\t<\/div>\n\t\t\t\t<\/div>\n\t\t\t\t\t<\/div>\n\t\t<\/div>\n\t\t\t\t\t<\/div>\n\t\t<\/section>\n\t\t\t\t<\/div>\n\t\t","protected":false},"excerpt":{"rendered":"<p>Desde 2009, la revista\u00a0Contexto Odontol\u00f3gico\u00a0de la Unidad Acad\u00e9mica de Odontolog\u00eda de la Universidad Aut\u00f3noma de Zacatecas surge como un espacio para el desarrollo y divulgaci\u00f3n del conocimiento, que tiene como eje principal de su pol\u00edtica editorial el forjar y mantener la\u00a0disciplina y el pensamiento\u00a0como principales factores que deben tomarse en cuenta adem\u00e1s de buscar la [&hellip;]<\/p>\n","protected":false},"author":3,"featured_media":0,"parent":0,"menu_order":0,"comment_status":"closed","ping_status":"closed","template":"","meta":{"footnotes":""},"folder":[],"class_list":["post-2645","page","type-page","status-publish","hentry"],"_links":{"self":[{"href":"https:\/\/odontologia.uaz.edu.mx\/index.php?rest_route=\/wp\/v2\/pages\/2645","targetHints":{"allow":["GET"]}}],"collection":[{"href":"https:\/\/odontologia.uaz.edu.mx\/index.php?rest_route=\/wp\/v2\/pages"}],"about":[{"href":"https:\/\/odontologia.uaz.edu.mx\/index.php?rest_route=\/wp\/v2\/types\/page"}],"author":[{"embeddable":true,"href":"https:\/\/odontologia.uaz.edu.mx\/index.php?rest_route=\/wp\/v2\/users\/3"}],"replies":[{"embeddable":true,"href":"https:\/\/odontologia.uaz.edu.mx\/index.php?rest_route=%2Fwp%2Fv2%2Fcomments&post=2645"}],"version-history":[{"count":7,"href":"https:\/\/odontologia.uaz.edu.mx\/index.php?rest_route=\/wp\/v2\/pages\/2645\/revisions"}],"predecessor-version":[{"id":2661,"href":"https:\/\/odontologia.uaz.edu.mx\/index.php?rest_route=\/wp\/v2\/pages\/2645\/revisions\/2661"}],"wp:attachment":[{"href":"https:\/\/odontologia.uaz.edu.mx\/index.php?rest_route=%2Fwp%2Fv2%2Fmedia&parent=2645"}],"wp:term":[{"taxonomy":"folder","embeddable":true,"href":"https:\/\/odontologia.uaz.edu.mx\/index.php?rest_route=%2Fwp%2Fv2%2Ffolder&post=2645"}],"curies":[{"name":"wp","href":"https:\/\/api.w.org\/{rel}","templated":true}]}}