{"id":716,"date":"2021-05-21T18:29:41","date_gmt":"2021-05-21T18:29:41","guid":{"rendered":"https:\/\/odontologia.uaz.edu.mx\/?page_id=716"},"modified":"2025-10-14T17:48:36","modified_gmt":"2025-10-14T23:48:36","slug":"descargas","status":"publish","type":"page","link":"https:\/\/odontologia.uaz.edu.mx\/?page_id=716","title":{"rendered":"Descargas"},"content":{"rendered":"\t\t<div data-elementor-type=\"wp-page\" data-elementor-id=\"716\" class=\"elementor elementor-716\">\n\t\t\t\t\t\t<section class=\"elementor-section elementor-top-section elementor-element elementor-element-6dadfd66 elementor-section-full_width elementor-section-height-default elementor-section-height-default\" data-id=\"6dadfd66\" data-element_type=\"section\" data-e-type=\"section\">\n\t\t\t\t\t\t<div class=\"elementor-container elementor-column-gap-default\">\n\t\t\t\t\t<div class=\"elementor-column elementor-col-100 elementor-top-column elementor-element elementor-element-1417a83e\" data-id=\"1417a83e\" data-element_type=\"column\" data-e-type=\"column\">\n\t\t\t<div class=\"elementor-widget-wrap elementor-element-populated\">\n\t\t\t\t\t\t<div class=\"elementor-element elementor-element-673f28d4 elementor-widget elementor-widget-image\" data-id=\"673f28d4\" data-element_type=\"widget\" data-e-type=\"widget\" data-widget_type=\"image.default\">\n\t\t\t\t<div class=\"elementor-widget-container\">\n\t\t\t\t\t\t\t\t\t\t\t\t\t\t\t<img fetchpriority=\"high\" decoding=\"async\" width=\"1280\" height=\"96\" src=\"https:\/\/odontologia.uaz.edu.mx\/wp-content\/uploads\/2025\/10\/Banner-Web-UAO-25-29.jpg\" class=\"attachment-full size-full wp-image-2406\" alt=\"\" srcset=\"https:\/\/odontologia.uaz.edu.mx\/wp-content\/uploads\/2025\/10\/Banner-Web-UAO-25-29.jpg 1280w, https:\/\/odontologia.uaz.edu.mx\/wp-content\/uploads\/2025\/10\/Banner-Web-UAO-25-29-300x23.jpg 300w, https:\/\/odontologia.uaz.edu.mx\/wp-content\/uploads\/2025\/10\/Banner-Web-UAO-25-29-1024x77.jpg 1024w, https:\/\/odontologia.uaz.edu.mx\/wp-content\/uploads\/2025\/10\/Banner-Web-UAO-25-29-768x58.jpg 768w\" sizes=\"(max-width: 1280px) 100vw, 1280px\" \/>\t\t\t\t\t\t\t\t\t\t\t\t\t\t\t<\/div>\n\t\t\t\t<\/div>\n\t\t\t\t\t<\/div>\n\t\t<\/div>\n\t\t\t\t\t<\/div>\n\t\t<\/section>\n\t\t\t\t<section class=\"elementor-section elementor-top-section elementor-element elementor-element-fd68de5 elementor-section-content-middle elementor-section-boxed elementor-section-height-default elementor-section-height-default\" data-id=\"fd68de5\" data-element_type=\"section\" data-e-type=\"section\">\n\t\t\t\t\t\t<div class=\"elementor-container elementor-column-gap-no\">\n\t\t\t\t\t<div class=\"elementor-column elementor-col-100 elementor-top-column elementor-element elementor-element-7e8ca7f6\" data-id=\"7e8ca7f6\" data-element_type=\"column\" data-e-type=\"column\">\n\t\t\t<div class=\"elementor-widget-wrap elementor-element-populated\">\n\t\t\t\t\t\t<div class=\"elementor-element elementor-element-1498b462 elementor-widget elementor-widget-heading\" data-id=\"1498b462\" data-element_type=\"widget\" data-e-type=\"widget\" data-widget_type=\"heading.default\">\n\t\t\t\t<div class=\"elementor-widget-container\">\n\t\t\t\t\t<h4 class=\"elementor-heading-title elementor-size-default\">Descargas<\/h4>\t\t\t\t<\/div>\n\t\t\t\t<\/div>\n\t\t\t\t<div class=\"elementor-element elementor-element-3601eb0 elementor-widget elementor-widget-heading\" data-id=\"3601eb0\" data-element_type=\"widget\" data-e-type=\"widget\" data-widget_type=\"heading.default\">\n\t\t\t\t<div class=\"elementor-widget-container\">\n\t\t\t\t\t<h5 class=\"elementor-heading-title elementor-size-default\">Documentos e Im\u00e1genes de inter\u00e9s <\/h5>\t\t\t\t<\/div>\n\t\t\t\t<\/div>\n\t\t\t\t<section class=\"elementor-section elementor-inner-section elementor-element elementor-element-4c349247 elementor-section-boxed elementor-section-height-default elementor-section-height-default\" data-id=\"4c349247\" data-element_type=\"section\" data-e-type=\"section\">\n\t\t\t\t\t\t<div class=\"elementor-container elementor-column-gap-default\">\n\t\t\t\t\t<div class=\"elementor-column elementor-col-33 elementor-inner-column elementor-element elementor-element-1317168d\" data-id=\"1317168d\" data-element_type=\"column\" data-e-type=\"column\" data-settings=\"{&quot;background_background&quot;:&quot;classic&quot;}\">\n\t\t\t<div class=\"elementor-widget-wrap elementor-element-populated\">\n\t\t\t\t\t\t<div class=\"elementor-element elementor-element-3c77e055 elementor-widget elementor-widget-image\" data-id=\"3c77e055\" data-element_type=\"widget\" data-e-type=\"widget\" data-widget_type=\"image.default\">\n\t\t\t\t<div class=\"elementor-widget-container\">\n\t\t\t\t\t\t\t\t\t\t\t\t\t\t\t\t<a href=\"\/wp-content\/uploads\/2021\/05\/LogoUazOriginal.jpg\" target=\"_blank\">\n\t\t\t\t\t\t\t<img decoding=\"async\" width=\"1024\" height=\"929\" src=\"https:\/\/odontologia.uaz.edu.mx\/wp-content\/uploads\/2021\/05\/LogoUazOriginal-1024x929.jpg\" class=\"elementor-animation-grow attachment-large size-large wp-image-725\" alt=\"\" srcset=\"https:\/\/odontologia.uaz.edu.mx\/wp-content\/uploads\/2021\/05\/LogoUazOriginal-1024x929.jpg 1024w, https:\/\/odontologia.uaz.edu.mx\/wp-content\/uploads\/2021\/05\/LogoUazOriginal-300x272.jpg 300w, https:\/\/odontologia.uaz.edu.mx\/wp-content\/uploads\/2021\/05\/LogoUazOriginal-768x697.jpg 768w, https:\/\/odontologia.uaz.edu.mx\/wp-content\/uploads\/2021\/05\/LogoUazOriginal-1536x1393.jpg 1536w, https:\/\/odontologia.uaz.edu.mx\/wp-content\/uploads\/2021\/05\/LogoUazOriginal-2048x1858.jpg 2048w\" sizes=\"(max-width: 1024px) 100vw, 1024px\" \/>\t\t\t\t\t\t\t\t<\/a>\n\t\t\t\t\t\t\t\t\t\t\t\t\t\t\t<\/div>\n\t\t\t\t<\/div>\n\t\t\t\t\t<\/div>\n\t\t<\/div>\n\t\t\t\t<div class=\"elementor-column elementor-col-33 elementor-inner-column elementor-element elementor-element-457477fd\" data-id=\"457477fd\" data-element_type=\"column\" data-e-type=\"column\" data-settings=\"{&quot;background_background&quot;:&quot;classic&quot;}\">\n\t\t\t<div class=\"elementor-widget-wrap elementor-element-populated\">\n\t\t\t\t\t\t<div class=\"elementor-element elementor-element-49e85058 elementor-widget elementor-widget-image\" data-id=\"49e85058\" data-element_type=\"widget\" data-e-type=\"widget\" data-widget_type=\"image.default\">\n\t\t\t\t<div class=\"elementor-widget-container\">\n\t\t\t\t\t\t\t\t\t\t\t\t\t\t\t\t<a href=\"\/wp-content\/uploads\/2021\/05\/LOGO_ODONTOLOGIA_AZUL-uaz.png\" target=\"_blank\">\n\t\t\t\t\t\t\t<img decoding=\"async\" width=\"903\" height=\"1024\" src=\"https:\/\/odontologia.uaz.edu.mx\/wp-content\/uploads\/2021\/05\/LOGO_ODONTOLOGIA_AZUL-uaz-903x1024.png\" class=\"elementor-animation-grow attachment-large size-large wp-image-726\" alt=\"\" srcset=\"https:\/\/odontologia.uaz.edu.mx\/wp-content\/uploads\/2021\/05\/LOGO_ODONTOLOGIA_AZUL-uaz-903x1024.png 903w, https:\/\/odontologia.uaz.edu.mx\/wp-content\/uploads\/2021\/05\/LOGO_ODONTOLOGIA_AZUL-uaz-264x300.png 264w, https:\/\/odontologia.uaz.edu.mx\/wp-content\/uploads\/2021\/05\/LOGO_ODONTOLOGIA_AZUL-uaz-768x871.png 768w, https:\/\/odontologia.uaz.edu.mx\/wp-content\/uploads\/2021\/05\/LOGO_ODONTOLOGIA_AZUL-uaz-1354x1536.png 1354w, https:\/\/odontologia.uaz.edu.mx\/wp-content\/uploads\/2021\/05\/LOGO_ODONTOLOGIA_AZUL-uaz.png 1445w\" sizes=\"(max-width: 903px) 100vw, 903px\" \/>\t\t\t\t\t\t\t\t<\/a>\n\t\t\t\t\t\t\t\t\t\t\t\t\t\t\t<\/div>\n\t\t\t\t<\/div>\n\t\t\t\t\t<\/div>\n\t\t<\/div>\n\t\t\t\t<div class=\"elementor-column elementor-col-33 elementor-inner-column elementor-element elementor-element-cf6352a\" data-id=\"cf6352a\" data-element_type=\"column\" data-e-type=\"column\" data-settings=\"{&quot;background_background&quot;:&quot;classic&quot;}\">\n\t\t\t<div class=\"elementor-widget-wrap elementor-element-populated\">\n\t\t\t\t\t\t<div class=\"elementor-element elementor-element-10955a35 elementor-widget elementor-widget-image\" data-id=\"10955a35\" data-element_type=\"widget\" data-e-type=\"widget\" data-widget_type=\"image.default\">\n\t\t\t\t<div class=\"elementor-widget-container\">\n\t\t\t\t\t\t\t\t\t\t\t\t\t\t\t\t<a href=\"\/wp-content\/uploads\/2021\/05\/Logo-Especialidad.png\" target=\"_blank\">\n\t\t\t\t\t\t\t<img loading=\"lazy\" decoding=\"async\" width=\"899\" height=\"1024\" src=\"https:\/\/odontologia.uaz.edu.mx\/wp-content\/uploads\/2021\/05\/Logo-Especialidad-899x1024.png\" class=\"elementor-animation-grow attachment-large size-large wp-image-727\" alt=\"\" srcset=\"https:\/\/odontologia.uaz.edu.mx\/wp-content\/uploads\/2021\/05\/Logo-Especialidad-899x1024.png 899w, https:\/\/odontologia.uaz.edu.mx\/wp-content\/uploads\/2021\/05\/Logo-Especialidad-263x300.png 263w, https:\/\/odontologia.uaz.edu.mx\/wp-content\/uploads\/2021\/05\/Logo-Especialidad-768x875.png 768w, https:\/\/odontologia.uaz.edu.mx\/wp-content\/uploads\/2021\/05\/Logo-Especialidad-1349x1536.png 1349w, https:\/\/odontologia.uaz.edu.mx\/wp-content\/uploads\/2021\/05\/Logo-Especialidad-1798x2048.png 1798w\" sizes=\"(max-width: 899px) 100vw, 899px\" \/>\t\t\t\t\t\t\t\t<\/a>\n\t\t\t\t\t\t\t\t\t\t\t\t\t\t\t<\/div>\n\t\t\t\t<\/div>\n\t\t\t\t\t<\/div>\n\t\t<\/div>\n\t\t\t\t\t<\/div>\n\t\t<\/section>\n\t\t\t\t<section class=\"elementor-section elementor-inner-section elementor-element elementor-element-5c77c7b1 elementor-section-boxed elementor-section-height-default elementor-section-height-default\" data-id=\"5c77c7b1\" data-element_type=\"section\" data-e-type=\"section\">\n\t\t\t\t\t\t<div class=\"elementor-container elementor-column-gap-default\">\n\t\t\t\t\t<div class=\"elementor-column elementor-col-33 elementor-inner-column elementor-element elementor-element-2fe20304\" data-id=\"2fe20304\" data-element_type=\"column\" data-e-type=\"column\" data-settings=\"{&quot;background_background&quot;:&quot;classic&quot;}\">\n\t\t\t<div class=\"elementor-widget-wrap elementor-element-populated\">\n\t\t\t\t\t\t<div class=\"elementor-element elementor-element-d90dfed elementor-widget elementor-widget-image\" data-id=\"d90dfed\" data-element_type=\"widget\" data-e-type=\"widget\" data-widget_type=\"image.default\">\n\t\t\t\t<div class=\"elementor-widget-container\">\n\t\t\t\t\t\t\t\t\t\t\t\t\t\t\t<img loading=\"lazy\" decoding=\"async\" width=\"200\" height=\"150\" src=\"https:\/\/odontologia.uaz.edu.mx\/wp-content\/uploads\/2021\/05\/digit.png\" class=\"elementor-animation-grow attachment-large size-large wp-image-722\" alt=\"\" \/>\t\t\t\t\t\t\t\t\t\t\t\t\t\t\t<\/div>\n\t\t\t\t<\/div>\n\t\t\t\t\t<\/div>\n\t\t<\/div>\n\t\t\t\t<div class=\"elementor-column elementor-col-33 elementor-inner-column elementor-element elementor-element-128a320c\" data-id=\"128a320c\" data-element_type=\"column\" data-e-type=\"column\" data-settings=\"{&quot;background_background&quot;:&quot;classic&quot;}\">\n\t\t\t<div class=\"elementor-widget-wrap elementor-element-populated\">\n\t\t\t\t\t\t<div class=\"elementor-element elementor-element-d696202 elementor-widget elementor-widget-image\" data-id=\"d696202\" data-element_type=\"widget\" data-e-type=\"widget\" data-widget_type=\"image.default\">\n\t\t\t\t<div class=\"elementor-widget-container\">\n\t\t\t\t\t\t\t\t\t\t\t\t\t\t\t<img loading=\"lazy\" decoding=\"async\" width=\"200\" height=\"150\" src=\"https:\/\/odontologia.uaz.edu.mx\/wp-content\/uploads\/2021\/05\/fifthflour.png\" class=\"elementor-animation-grow attachment-large size-large wp-image-723\" alt=\"\" \/>\t\t\t\t\t\t\t\t\t\t\t\t\t\t\t<\/div>\n\t\t\t\t<\/div>\n\t\t\t\t\t<\/div>\n\t\t<\/div>\n\t\t\t\t<div class=\"elementor-column elementor-col-33 elementor-inner-column elementor-element elementor-element-2d4ad24e\" data-id=\"2d4ad24e\" data-element_type=\"column\" data-e-type=\"column\" data-settings=\"{&quot;background_background&quot;:&quot;classic&quot;}\">\n\t\t\t<div class=\"elementor-widget-wrap elementor-element-populated\">\n\t\t\t\t\t\t<div class=\"elementor-element elementor-element-7cedec26 elementor-widget elementor-widget-image\" data-id=\"7cedec26\" data-element_type=\"widget\" data-e-type=\"widget\" data-widget_type=\"image.default\">\n\t\t\t\t<div class=\"elementor-widget-container\">\n\t\t\t\t\t\t\t\t\t\t\t\t\t\t\t<img loading=\"lazy\" decoding=\"async\" width=\"200\" height=\"150\" src=\"https:\/\/odontologia.uaz.edu.mx\/wp-content\/uploads\/2021\/05\/darkside.png\" class=\"elementor-animation-grow attachment-large size-large wp-image-724\" alt=\"\" \/>\t\t\t\t\t\t\t\t\t\t\t\t\t\t\t<\/div>\n\t\t\t\t<\/div>\n\t\t\t\t\t<\/div>\n\t\t<\/div>\n\t\t\t\t\t<\/div>\n\t\t<\/section>\n\t\t\t\t\t<\/div>\n\t\t<\/div>\n\t\t\t\t\t<\/div>\n\t\t<\/section>\n\t\t\t\t<section class=\"elementor-section elementor-top-section elementor-element elementor-element-407a5754 elementor-section-content-middle elementor-section-boxed elementor-section-height-default elementor-section-height-default\" data-id=\"407a5754\" data-element_type=\"section\" data-e-type=\"section\">\n\t\t\t\t\t\t<div class=\"elementor-container elementor-column-gap-no\">\n\t\t\t\t\t<div class=\"elementor-column elementor-col-100 elementor-top-column elementor-element elementor-element-6020a305\" data-id=\"6020a305\" data-element_type=\"column\" data-e-type=\"column\">\n\t\t\t<div class=\"elementor-widget-wrap elementor-element-populated\">\n\t\t\t\t\t\t<div class=\"elementor-element elementor-element-4124e720 elementor-widget elementor-widget-heading\" data-id=\"4124e720\" data-element_type=\"widget\" data-e-type=\"widget\" data-widget_type=\"heading.default\">\n\t\t\t\t<div class=\"elementor-widget-container\">\n\t\t\t\t\t<h4 class=\"elementor-heading-title elementor-size-default\">Redes Sociales<\/h4>\t\t\t\t<\/div>\n\t\t\t\t<\/div>\n\t\t\t\t<section class=\"elementor-section elementor-inner-section elementor-element elementor-element-1cfc3179 elementor-section-content-middle elementor-section-boxed elementor-section-height-default elementor-section-height-default\" data-id=\"1cfc3179\" data-element_type=\"section\" data-e-type=\"section\">\n\t\t\t\t\t\t<div class=\"elementor-container elementor-column-gap-no\">\n\t\t\t\t\t<div class=\"elementor-column elementor-col-50 elementor-inner-column elementor-element elementor-element-294b2425\" data-id=\"294b2425\" data-element_type=\"column\" data-e-type=\"column\">\n\t\t\t<div class=\"elementor-widget-wrap elementor-element-populated\">\n\t\t\t\t\t\t<div class=\"elementor-element elementor-element-359978dc elementor-position-top elementor-widget elementor-widget-image-box\" data-id=\"359978dc\" data-element_type=\"widget\" data-e-type=\"widget\" data-widget_type=\"image-box.default\">\n\t\t\t\t<div class=\"elementor-widget-container\">\n\t\t\t\t\t<div class=\"elementor-image-box-wrapper\"><figure class=\"elementor-image-box-img\"><a href=\"https:\/\/www.facebook.com\/Unidad-Acad%C3%A9mica-de-Odontolog%C3%ADa-UAZ-101439298691178\/\" tabindex=\"-1\"><img loading=\"lazy\" decoding=\"async\" width=\"320\" height=\"320\" src=\"https:\/\/odontologia.uaz.edu.mx\/wp-content\/uploads\/2021\/03\/Face-UAO.png\" class=\"elementor-animation-grow attachment-full size-full wp-image-191\" alt=\"\" srcset=\"https:\/\/odontologia.uaz.edu.mx\/wp-content\/uploads\/2021\/03\/Face-UAO.png 320w, https:\/\/odontologia.uaz.edu.mx\/wp-content\/uploads\/2021\/03\/Face-UAO-300x300.png 300w, https:\/\/odontologia.uaz.edu.mx\/wp-content\/uploads\/2021\/03\/Face-UAO-150x150.png 150w\" sizes=\"(max-width: 320px) 100vw, 320px\" \/><\/a><\/figure><div class=\"elementor-image-box-content\"><h3 class=\"elementor-image-box-title\"><a href=\"https:\/\/www.facebook.com\/Unidad-Acad%C3%A9mica-de-Odontolog%C3%ADa-UAZ-101439298691178\/\">Unidad Acad\u00e9mica de Odontolog\u00eda UAZ<\/a><\/h3><p class=\"elementor-image-box-description\">P\u00e1gina Oficial de Facebook     \nM\u00e9dico Cirujano Dentista <\/p><\/div><\/div>\t\t\t\t<\/div>\n\t\t\t\t<\/div>\n\t\t\t\t\t<\/div>\n\t\t<\/div>\n\t\t\t\t<div class=\"elementor-column elementor-col-50 elementor-inner-column elementor-element elementor-element-241f0227\" data-id=\"241f0227\" data-element_type=\"column\" data-e-type=\"column\">\n\t\t\t<div class=\"elementor-widget-wrap elementor-element-populated\">\n\t\t\t\t\t\t<div class=\"elementor-element elementor-element-4dca2c35 elementor-position-top elementor-widget elementor-widget-image-box\" data-id=\"4dca2c35\" data-element_type=\"widget\" data-e-type=\"widget\" data-widget_type=\"image-box.default\">\n\t\t\t\t<div class=\"elementor-widget-container\">\n\t\t\t\t\t<div class=\"elementor-image-box-wrapper\"><figure class=\"elementor-image-box-img\"><a href=\"https:\/\/www.facebook.com\/egresados.odontopediatria.3\" tabindex=\"-1\"><img loading=\"lazy\" decoding=\"async\" width=\"320\" height=\"320\" src=\"https:\/\/odontologia.uaz.edu.mx\/wp-content\/uploads\/2021\/03\/Face-Espe.png\" class=\"elementor-animation-grow attachment-full size-full wp-image-192\" alt=\"\" srcset=\"https:\/\/odontologia.uaz.edu.mx\/wp-content\/uploads\/2021\/03\/Face-Espe.png 320w, https:\/\/odontologia.uaz.edu.mx\/wp-content\/uploads\/2021\/03\/Face-Espe-300x300.png 300w, https:\/\/odontologia.uaz.edu.mx\/wp-content\/uploads\/2021\/03\/Face-Espe-150x150.png 150w\" sizes=\"(max-width: 320px) 100vw, 320px\" \/><\/a><\/figure><div class=\"elementor-image-box-content\"><h3 class=\"elementor-image-box-title\"><a href=\"https:\/\/www.facebook.com\/egresados.odontopediatria.3\">Odontopediatr\u00eda Clio UAO UAZ <\/a><\/h3><p class=\"elementor-image-box-description\">P\u00e1gina Oficial de Facebook \nEspecialidad en Odontopediatr\u00eda <\/p><\/div><\/div>\t\t\t\t<\/div>\n\t\t\t\t<\/div>\n\t\t\t\t\t<\/div>\n\t\t<\/div>\n\t\t\t\t\t<\/div>\n\t\t<\/section>\n\t\t\t\t\t<\/div>\n\t\t<\/div>\n\t\t\t\t\t<\/div>\n\t\t<\/section>\n\t\t\t\t<footer class=\"elementor-section elementor-top-section elementor-element elementor-element-7840c9c8 elementor-section-full_width elementor-section-height-min-height elementor-section-items-stretch elementor-section-height-default\" data-id=\"7840c9c8\" data-element_type=\"section\" data-e-type=\"section\" data-settings=\"{&quot;background_background&quot;:&quot;classic&quot;}\">\n\t\t\t\t\t\t<div class=\"elementor-container elementor-column-gap-default\">\n\t\t\t\t\t<div class=\"elementor-column elementor-col-100 elementor-top-column elementor-element elementor-element-3f1c3814\" data-id=\"3f1c3814\" data-element_type=\"column\" data-e-type=\"column\">\n\t\t\t<div class=\"elementor-widget-wrap elementor-element-populated\">\n\t\t\t\t\t\t<section class=\"elementor-section elementor-inner-section elementor-element elementor-element-39325d4c elementor-section-full_width elementor-section-height-default elementor-section-height-default\" data-id=\"39325d4c\" data-element_type=\"section\" data-e-type=\"section\">\n\t\t\t\t\t\t<div class=\"elementor-container elementor-column-gap-default\">\n\t\t\t\t\t<div class=\"elementor-column elementor-col-50 elementor-inner-column elementor-element elementor-element-76746d1\" data-id=\"76746d1\" data-element_type=\"column\" data-e-type=\"column\">\n\t\t\t<div class=\"elementor-widget-wrap elementor-element-populated\">\n\t\t\t\t\t\t<div class=\"elementor-element elementor-element-300e603f elementor-widget elementor-widget-text-editor\" data-id=\"300e603f\" data-element_type=\"widget\" data-e-type=\"widget\" data-widget_type=\"text-editor.default\">\n\t\t\t\t<div class=\"elementor-widget-container\">\n\t\t\t\t\t\t\t\t\t<p>\u00a0<\/p><p>\u00a0<\/p><p>\u00a0<\/p><p><strong><span style=\"color: #ebebeb;\"><a href=\"https:\/\/www.uaz.edu.mx\/infoAsp\/\">Aspirantes<\/a>\u00a0 \u00a0 \u00a0 \u00a0 \u00a0 \u00a0 \u00a0 \u00a0 \u00a0 \u00a0 \u00a0<a href=\"https:\/\/www.uaz.edu.mx\/rectoria\/\">Rector\u00eda<\/a><\/span><\/strong><\/p><p><strong><span style=\"color: #ebebeb;\"><a href=\"https:\/\/www.uaz.edu.mx\/infoAlum\/\">Alumnos\u00a0 \u00a0 \u00a0<\/a> \u00a0 \u00a0 \u00a0 \u00a0 \u00a0 \u00a0 \u00a0 \u00a0 \u00a0 <a href=\"http:\/\/sgeneral.uaz.edu.mx\/\">Secretar\u00eda General<\/a><\/span><\/strong><\/p><p><strong><span style=\"color: #ebebeb;\"><a href=\"http:\/\/portal.uaz.edu.mx\/siiaf\/app\/\">Docentes\u00a0 \u00a0<\/a> \u00a0 \u00a0 \u00a0 \u00a0 \u00a0 \u00a0 \u00a0 \u00a0 \u00a0 \u00a0<a href=\"https:\/\/www.uaz.edu.mx\/secacade\">Secretar\u00eda Acad\u00e9mica<\/a><\/span><\/strong><\/p><p><strong><span style=\"color: #ebebeb;\"><a href=\"https:\/\/www.uaz.edu.mx\/infoAdmin\/\">Administrativos \u00a0<\/a> \u00a0 \u00a0 \u00a0 \u00a0 <a href=\"https:\/\/www.uaz.edu.mx\/secacade\">Secretar\u00eda Administrativa<\/a><\/span><\/strong><\/p><p><strong><span style=\"color: #ebebeb;\">\u00a0 \u00a0 \u00a0 \u00a0 \u00a0 \u00a0 \u00a0 \u00a0 \u00a0 \u00a0 \u00a0 \u00a0 \u00a0 \u00a0 \u00a0 \u00a0 \u00a0 \u00a0 \u00a0 \u00a0 \u00a0 \u00a0 \u00a0 \u00a0 \u00a0 \u00a0 \u00a0 \u00a0 \u00a0 \u00a0 \u00a0 \u00a0<a href=\"http:\/\/www.ciees.edu.mx\/\"><img loading=\"lazy\" decoding=\"async\" class=\"alignnone size-full wp-image-259\" src=\"http:\/\/odontologia.uaz.edu.mx\/wp-content\/uploads\/2021\/03\/ciees.png\" alt=\"\" width=\"78\" height=\"49\" \/><\/a>\u00a0 \u00a0 \u00a0 \u00a0 \u00a0 \u00a0 \u00a0 \u00a0 \u00a0 \u00a0 \u00a0 <a href=\"http:\/\/www.anuies.mx\/anuies\/instituciones-de-educacion-superior\/institucion.php?varSectionID=22&amp;varIDInstitucion=1541\"><img loading=\"lazy\" decoding=\"async\" class=\"alignnone size-full wp-image-260\" src=\"http:\/\/odontologia.uaz.edu.mx\/wp-content\/uploads\/2021\/03\/anuies.png\" alt=\"\" width=\"35\" height=\"53\" \/><\/a>\u00a0 \u00a0 \u00a0 \u00a0 \u00a0 \u00a0 \u00a0 \u00a0 \u00a0 \u00a0 \u00a0<a href=\"https:\/\/www.conacyt.gob.mx\/\"><img loading=\"lazy\" decoding=\"async\" class=\"alignnone size-full wp-image-261\" src=\"http:\/\/odontologia.uaz.edu.mx\/wp-content\/uploads\/2021\/03\/conacyt.png\" alt=\"\" width=\"60\" height=\"51\" \/><\/a>\u00a0 \u00a0 \u00a0 \u00a0 \u00a0 \u00a0 \u00a0 \u00a0 \u00a0 \u00a0\u00a0<a href=\"http:\/\/www.cumex.org.mx\/\"><img loading=\"lazy\" decoding=\"async\" class=\"alignnone size-full wp-image-262\" src=\"http:\/\/odontologia.uaz.edu.mx\/wp-content\/uploads\/2021\/03\/cumex.png\" alt=\"\" width=\"91\" height=\"34\" \/><\/a><\/span><\/strong><\/p>\t\t\t\t\t\t\t\t<\/div>\n\t\t\t\t<\/div>\n\t\t\t\t\t<\/div>\n\t\t<\/div>\n\t\t\t\t<div class=\"elementor-column elementor-col-50 elementor-inner-column elementor-element elementor-element-785eb227\" data-id=\"785eb227\" data-element_type=\"column\" data-e-type=\"column\">\n\t\t\t<div class=\"elementor-widget-wrap elementor-element-populated\">\n\t\t\t\t\t\t<div class=\"elementor-element elementor-element-145e8ad5 elementor-widget elementor-widget-text-editor\" data-id=\"145e8ad5\" data-element_type=\"widget\" data-e-type=\"widget\" data-widget_type=\"text-editor.default\">\n\t\t\t\t<div class=\"elementor-widget-container\">\n\t\t\t\t\t\t\t\t\t<p style=\"text-align: left;\"><span style=\"color: #ebebeb;\"><strong>\u00a0<\/strong><\/span><\/p><p>\u00a0<\/p><p>\u00a0<\/p><p style=\"text-align: left;\"><span style=\"color: #ebebeb;\"><strong>\u00a0 \u00a0 \u00a0<a href=\"http:\/\/transparencia.uaz.edu.mx\/\">Transparencia<\/a>\u00a0 \u00a0 \u00a0 \u00a0 \u00a0 \u00a0 \u00a0 \u00a0 \u00a0 \u00a0 \u00a0<a href=\"http:\/\/www.escolar.uaz.edu.mx\/web\/guest\/inscripcion1\"><span style=\"font-style: inherit; font-family: var( --e-global-typography-text-font-family ), Sans-serif;\">Admisi\u00f3n<\/span><\/a><\/strong><\/span><\/p><p style=\"text-align: left;\"><span style=\"color: #ebebeb;\"><strong>\u00a0 \u00a0 \u00a0<a href=\"http:\/\/www2.uaz.edu.mx\/web\/www\/agenda\">Agenda<\/a>\u00a0 \u00a0 \u00a0 \u00a0 \u00a0 \u00a0 \u00a0 \u00a0 \u00a0 \u00a0 \u00a0 \u00a0 \u00a0 \u00a0 \u00a0 \u00a0 <a href=\"https:\/\/www.uaz.edu.mx\/ofertaeducativa\">Oferta Educativa<\/a><\/strong><\/span><\/p><p style=\"text-align: left;\"><span style=\"color: #ebebeb;\"><strong>\u00a0 \u00a0 \u00a0<a href=\"http:\/\/planeacion.uaz.edu.mx\/directorio1\">Directorio\u00a0<\/a> \u00a0 \u00a0 \u00a0 \u00a0 \u00a0 \u00a0 \u00a0 \u00a0 \u00a0 \u00a0 \u00a0 \u00a0 \u00a0 <a href=\"http:\/\/escolar.uaz.edu.mx\/\">Departamento Escolar<\/a><\/strong><\/span><\/p><p style=\"text-align: left;\"><span style=\"color: #ebebeb;\"><strong>\u00a0 \u00a0 \u00a0<a href=\"https:\/\/mail.google.com\/a\/uaz.edu.mx\">Correo<\/a>\u00a0 \u00a0 \u00a0 \u00a0 \u00a0 \u00a0 \u00a0 \u00a0 \u00a0 \u00a0 \u00a0 \u00a0 \u00a0 \u00a0 \u00a0 \u00a0 \u00a0<a href=\"http:\/\/escolar.uaz.edu.mx\/documents\/10181\/13461\/Convocatoria\/45acfdca-1679-436d-9591-deed591ee222\">Convocatorias y Tr\u00e1mites<\/a><\/strong><\/span><\/p>\t\t\t\t\t\t\t\t<\/div>\n\t\t\t\t<\/div>\n\t\t\t\t\t<\/div>\n\t\t<\/div>\n\t\t\t\t\t<\/div>\n\t\t<\/section>\n\t\t\t\t\t<\/div>\n\t\t<\/div>\n\t\t\t\t\t<\/div>\n\t\t<\/footer>\n\t\t\t\t<\/div>\n\t\t","protected":false},"excerpt":{"rendered":"<p>Descargas Documentos e Im\u00e1genes de inter\u00e9s Redes Sociales Unidad Acad\u00e9mica de Odontolog\u00eda UAZ P\u00e1gina Oficial de Facebook M\u00e9dico Cirujano Dentista Odontopediatr\u00eda Clio UAO UAZ P\u00e1gina Oficial de Facebook Especialidad en Odontopediatr\u00eda \u00a0 \u00a0 \u00a0 Aspirantes\u00a0 \u00a0 \u00a0 \u00a0 \u00a0 \u00a0 \u00a0 \u00a0 \u00a0 \u00a0 \u00a0Rector\u00eda Alumnos\u00a0 \u00a0 \u00a0 \u00a0 \u00a0 \u00a0 \u00a0 \u00a0 \u00a0 \u00a0 [&hellip;]<\/p>\n","protected":false},"author":3,"featured_media":0,"parent":0,"menu_order":0,"comment_status":"closed","ping_status":"closed","template":"","meta":{"footnotes":""},"folder":[],"class_list":["post-716","page","type-page","status-publish","hentry"],"_links":{"self":[{"href":"https:\/\/odontologia.uaz.edu.mx\/index.php?rest_route=\/wp\/v2\/pages\/716","targetHints":{"allow":["GET"]}}],"collection":[{"href":"https:\/\/odontologia.uaz.edu.mx\/index.php?rest_route=\/wp\/v2\/pages"}],"about":[{"href":"https:\/\/odontologia.uaz.edu.mx\/index.php?rest_route=\/wp\/v2\/types\/page"}],"author":[{"embeddable":true,"href":"https:\/\/odontologia.uaz.edu.mx\/index.php?rest_route=\/wp\/v2\/users\/3"}],"replies":[{"embeddable":true,"href":"https:\/\/odontologia.uaz.edu.mx\/index.php?rest_route=%2Fwp%2Fv2%2Fcomments&post=716"}],"version-history":[{"count":19,"href":"https:\/\/odontologia.uaz.edu.mx\/index.php?rest_route=\/wp\/v2\/pages\/716\/revisions"}],"predecessor-version":[{"id":2471,"href":"https:\/\/odontologia.uaz.edu.mx\/index.php?rest_route=\/wp\/v2\/pages\/716\/revisions\/2471"}],"wp:attachment":[{"href":"https:\/\/odontologia.uaz.edu.mx\/index.php?rest_route=%2Fwp%2Fv2%2Fmedia&parent=716"}],"wp:term":[{"taxonomy":"folder","embeddable":true,"href":"https:\/\/odontologia.uaz.edu.mx\/index.php?rest_route=%2Fwp%2Fv2%2Ffolder&post=716"}],"curies":[{"name":"wp","href":"https:\/\/api.w.org\/{rel}","templated":true}]}}